{"id":67738,"date":"2024-01-13T10:41:33","date_gmt":"2024-09-20T12:17:26","guid":{"rendered":"https:\/\/staging.nbg.eu\/product\/surefire-m340dft-pro\/"},"modified":"2024-09-20T12:18:11","modified_gmt":"2024-09-20T12:18:11","slug":"surefire-m340dft-pro","status":"publish","type":"product","link":"https:\/\/staging.nbg.eu\/hr\/proizvod\/surefire-m340dft-pro\/","title":{"rendered":"SureFire M340DFT-PRO"},"content":{"rendered":"<div class=\"product-description\">\n<h2>SureFire M340DFT-PRO Turbo Mini Scout Light Pro<\/h2>\n<p>M340DFT-PRO ima sljede\u0107e zna\u010dajke:<\/p>\n<ul>\n<li>95.000 kandela vr\u0161nog intenziteta snopa s uklju\u010denom SF18350 baterijom<\/li>\n<li>Turbo uzorak snopa za identifikaciju ciljeva na ekstremnim udaljenostima<\/li>\n<li>Nosa\u010d niskog profila za optimalno pozicioniranje<\/li>\n<li>Mogu\u0107nost kori\u0161tenja dvije vrste goriva: SF18350 punjiva ili 123A litijska primarna baterija<\/li>\n<li>Izdr\u017eljivost i sveobuhvatne opcije daljinskog prekida\u010da<\/li>\n<\/ul>\n<p>M340DFT-PRO ima kompaktnu formu. Precizni reflektor isporu\u010duje koncentrirani snop, pogodan za primjene na velikim udaljenostima. Izra\u0111en je od zrakoplovnog aluminija s tvrdom anodizacijom vojnog standarda, \u0161to ga \u010dini otpornim na te\u0161ke uvjete.<\/p>\n<\/div>\n","protected":false},"excerpt":{"rendered":"<p>Kompaktno, sna\u017eno WeaponLight svjetlo s vr\u0161nim intenzitetom snopa od 95.000 kandela.<\/p>\n","protected":false},"featured_media":67739,"template":"","meta":{"_acf_changed":false},"product_brand":[11859],"product_cat":[13569,13560,13520],"product_tag":[],"class_list":{"0":"post-67738","1":"product","2":"type-product","3":"status-publish","4":"has-post-thumbnail","6":"product_brand-surefire","7":"product_cat-puska","8":"product_cat-svjetla","9":"product_cat-svjetla-za-pusku","11":"first","12":"instock","13":"taxable","14":"shipping-taxable","15":"purchasable","16":"product-type-variable","17":"wvs-archive-product-wrapper"},"acf":[],"_links":{"self":[{"href":"https:\/\/staging.nbg.eu\/hr\/wp-json\/wp\/v2\/product\/67738","targetHints":{"allow":["GET"]}}],"collection":[{"href":"https:\/\/staging.nbg.eu\/hr\/wp-json\/wp\/v2\/product"}],"about":[{"href":"https:\/\/staging.nbg.eu\/hr\/wp-json\/wp\/v2\/types\/product"}],"wp:featuredmedia":[{"embeddable":true,"href":"https:\/\/staging.nbg.eu\/hr\/wp-json\/wp\/v2\/media\/67739"}],"wp:attachment":[{"href":"https:\/\/staging.nbg.eu\/hr\/wp-json\/wp\/v2\/media?parent=67738"}],"wp:term":[{"taxonomy":"product_brand","embeddable":true,"href":"https:\/\/staging.nbg.eu\/hr\/wp-json\/wp\/v2\/product_brand?post=67738"},{"taxonomy":"product_cat","embeddable":true,"href":"https:\/\/staging.nbg.eu\/hr\/wp-json\/wp\/v2\/product_cat?post=67738"},{"taxonomy":"product_tag","embeddable":true,"href":"https:\/\/staging.nbg.eu\/hr\/wp-json\/wp\/v2\/product_tag?post=67738"}],"curies":[{"name":"wp","href":"https:\/\/api.w.org\/{rel}","templated":true}]}}