{"id":67514,"date":"2024-01-13T11:48:33","date_gmt":"2024-01-13T11:48:33","guid":{"rendered":"https:\/\/staging.nbg.eu\/product\/surefire-m340v-pro\/"},"modified":"2024-09-20T12:15:43","modified_gmt":"2024-09-20T12:15:43","slug":"surefire-m340v-pro","status":"publish","type":"product","link":"https:\/\/staging.nbg.eu\/hr\/proizvod\/surefire-m340v-pro\/","title":{"rendered":"SureFire M340V-PRO"},"content":{"rendered":"<div class=\"product-description\">\n<h2>Mini Scout Light Pro infracrveni<\/h2>\n<p>Scout Light Pro s jednom \u0107elijom nudi sljede\u0107e zna\u010dajke:<\/p>\n<ul>\n<li>250 lumena bijelog svjetla i 100 mW infracrvenog izlaza<\/li>\n<li>Kombinirana zraka za srednji do dugi domet i svijest o situaciji<\/li>\n<li>Novo niskoprofilno postolje za optimalno pozicioniranje i kompatibilnost s dodacima<\/li>\n<li>Jednostavno prebacivanje izme\u0111u bijelog svjetla, isklju\u010denja i infracrvenog na\u010dina<\/li>\n<li>Konstrukcija od aluminija s tvrdom anodizacijom prema vojnim specifikacijama<\/li>\n<li>Napajanje jednom 123A litijskom baterijom<\/li>\n<li>Kompatibilno s MIL-STD-1913 i M-LOK \u0161inama<\/li>\n<\/ul>\n<p>Izra\u0111en za izdr\u017eavanje borbenih uvjeta, ovaj kompaktni ure\u0111aj pru\u017ea prednost u uvjetima slabog osvjetljenja.<\/p>\n<\/div>\n","protected":false},"excerpt":{"rendered":"<p>Kompaktno takti\u010dko svjetlo s 250 lumena bijelog svjetla i 100 mW infracrvenog izlaza.<\/p>\n","protected":false},"featured_media":67515,"template":"","meta":{"_acf_changed":false},"product_brand":[11859],"product_cat":[13569,13560,13520],"product_tag":[],"class_list":{"0":"post-67514","1":"product","2":"type-product","3":"status-publish","4":"has-post-thumbnail","6":"product_brand-surefire","7":"product_cat-puska","8":"product_cat-svjetla","9":"product_cat-svjetla-za-pusku","11":"first","12":"instock","13":"taxable","14":"shipping-taxable","15":"purchasable","16":"product-type-simple"},"acf":[],"_links":{"self":[{"href":"https:\/\/staging.nbg.eu\/hr\/wp-json\/wp\/v2\/product\/67514","targetHints":{"allow":["GET"]}}],"collection":[{"href":"https:\/\/staging.nbg.eu\/hr\/wp-json\/wp\/v2\/product"}],"about":[{"href":"https:\/\/staging.nbg.eu\/hr\/wp-json\/wp\/v2\/types\/product"}],"wp:featuredmedia":[{"embeddable":true,"href":"https:\/\/staging.nbg.eu\/hr\/wp-json\/wp\/v2\/media\/67515"}],"wp:attachment":[{"href":"https:\/\/staging.nbg.eu\/hr\/wp-json\/wp\/v2\/media?parent=67514"}],"wp:term":[{"taxonomy":"product_brand","embeddable":true,"href":"https:\/\/staging.nbg.eu\/hr\/wp-json\/wp\/v2\/product_brand?post=67514"},{"taxonomy":"product_cat","embeddable":true,"href":"https:\/\/staging.nbg.eu\/hr\/wp-json\/wp\/v2\/product_cat?post=67514"},{"taxonomy":"product_tag","embeddable":true,"href":"https:\/\/staging.nbg.eu\/hr\/wp-json\/wp\/v2\/product_tag?post=67514"}],"curies":[{"name":"wp","href":"https:\/\/api.w.org\/{rel}","templated":true}]}}