{"id":67430,"date":"2024-01-13T12:03:58","date_gmt":"2024-09-20T12:07:36","guid":{"rendered":"https:\/\/staging.nbg.eu\/product\/surefire-ds00\/"},"modified":"2024-09-20T12:08:20","modified_gmt":"2024-09-20T12:08:20","slug":"surefire-ds00","status":"publish","type":"product","link":"https:\/\/staging.nbg.eu\/hr\/proizvod\/surefire-ds00\/","title":{"rendered":"SureFire DS00"},"content":{"rendered":"<p>\nSureFire DS00 je prekida\u010d za ve\u0107inu Scout Light\u00ae oru\u017eanih svjetiljki. Zna\u010dajke:<\/p>\n<ul>\n<li>Neovisno integrirano i daljinsko upravljanje prekida\u010dem<\/li>\n<li>Kompatibilnost s raznim SureFire daljinskim trakastim prekida\u010dima<\/li>\n<li>Pritisni prekida\u010d za uklju\u010divanje\/isklju\u010divanje<\/li>\n<li>Mogu\u0107nost onemogu\u0107avanja sustava<\/li>\n<li>Redundancija prekida\u010da za pouzdanost<\/li>\n<\/ul>\n<p>DS00 pobolj\u0161ava funkcionalnost va\u0161e oru\u017eane svjetiljke (Nije kompatibilan s Micro Scout Light Pro).<\/p>\n","protected":false},"excerpt":{"rendered":"<p>Vi\u0161enamjenski prekida\u010d za SureFire WeaponLights s dva na\u010dina rada.<\/p>\n","protected":false},"featured_media":67431,"template":"","meta":{"_acf_changed":false},"product_brand":[11859],"product_cat":[13584,13569,13560],"product_tag":[],"class_list":{"0":"post-67430","1":"product","2":"type-product","3":"status-publish","4":"has-post-thumbnail","6":"product_brand-surefire","7":"product_cat-dodaci-za-svjetla","8":"product_cat-puska","9":"product_cat-svjetla","11":"first","12":"instock","13":"taxable","14":"shipping-taxable","15":"purchasable","16":"product-type-variable","17":"wvs-archive-product-wrapper"},"acf":[],"_links":{"self":[{"href":"https:\/\/staging.nbg.eu\/hr\/wp-json\/wp\/v2\/product\/67430","targetHints":{"allow":["GET"]}}],"collection":[{"href":"https:\/\/staging.nbg.eu\/hr\/wp-json\/wp\/v2\/product"}],"about":[{"href":"https:\/\/staging.nbg.eu\/hr\/wp-json\/wp\/v2\/types\/product"}],"wp:featuredmedia":[{"embeddable":true,"href":"https:\/\/staging.nbg.eu\/hr\/wp-json\/wp\/v2\/media\/67431"}],"wp:attachment":[{"href":"https:\/\/staging.nbg.eu\/hr\/wp-json\/wp\/v2\/media?parent=67430"}],"wp:term":[{"taxonomy":"product_brand","embeddable":true,"href":"https:\/\/staging.nbg.eu\/hr\/wp-json\/wp\/v2\/product_brand?post=67430"},{"taxonomy":"product_cat","embeddable":true,"href":"https:\/\/staging.nbg.eu\/hr\/wp-json\/wp\/v2\/product_cat?post=67430"},{"taxonomy":"product_tag","embeddable":true,"href":"https:\/\/staging.nbg.eu\/hr\/wp-json\/wp\/v2\/product_tag?post=67430"}],"curies":[{"name":"wp","href":"https:\/\/api.w.org\/{rel}","templated":true}]}}