{"id":67344,"date":"2024-01-13T12:20:15","date_gmt":"2024-09-20T12:06:16","guid":{"rendered":"https:\/\/staging.nbg.eu\/product\/surefire-ue-sr07-scout-light-remote-switch\/"},"modified":"2024-09-20T12:07:00","modified_gmt":"2024-09-20T12:07:00","slug":"surefire-ue-sr07-daljinski-prekidac-za-scout-svjetlo","status":"publish","type":"product","link":"https:\/\/staging.nbg.eu\/hr\/proizvod\/surefire-ue-sr07-daljinski-prekidac-za-scout-svjetlo\/","title":{"rendered":"SureFire UE-SR07 Daljinski Prekida\u010d za Scout Svjetlo"},"content":{"rendered":"<p>\nSureFire UE-SR07 SCOUT LIGHT daljinski prekida\u010d nudi:<\/p>\n<ul>\n<li>Priklju\u010dni SR07 daljinski prekida\u010d s trenutnom tipkom za uklju\u010divanje i prekida\u010dem za uklju\u010divanje\/isklju\u010divanje<\/li>\n<li>Ku\u0107i\u0161te kompatibilno s MIL-STD-1913<\/li>\n<li>Tla\u010dna plo\u010dica se pri\u010dvr\u0161\u0107uje na Picatinny \u0161ine<\/li>\n<li>Funkcija onemogu\u0107avanja sustava<\/li>\n<li>Potpuna kontrola prekida\u010da s UE zavr\u0161nom kapicom<\/li>\n<\/ul>\n","protected":false},"excerpt":{"rendered":"<p>Daljinski prekida\u010d za SureFire Scout Light: Trenutna i konstantna kontrola.<\/p>\n","protected":false},"featured_media":67345,"template":"","meta":{"_acf_changed":false},"product_brand":[11859],"product_cat":[],"product_tag":[],"class_list":{"0":"post-67344","1":"product","2":"type-product","3":"status-publish","4":"has-post-thumbnail","6":"product_brand-surefire","8":"first","9":"outofstock","10":"taxable","11":"shipping-taxable","12":"product-type-variable","13":"wvs-archive-product-wrapper"},"acf":[],"_links":{"self":[{"href":"https:\/\/staging.nbg.eu\/hr\/wp-json\/wp\/v2\/product\/67344","targetHints":{"allow":["GET"]}}],"collection":[{"href":"https:\/\/staging.nbg.eu\/hr\/wp-json\/wp\/v2\/product"}],"about":[{"href":"https:\/\/staging.nbg.eu\/hr\/wp-json\/wp\/v2\/types\/product"}],"wp:featuredmedia":[{"embeddable":true,"href":"https:\/\/staging.nbg.eu\/hr\/wp-json\/wp\/v2\/media\/67345"}],"wp:attachment":[{"href":"https:\/\/staging.nbg.eu\/hr\/wp-json\/wp\/v2\/media?parent=67344"}],"wp:term":[{"taxonomy":"product_brand","embeddable":true,"href":"https:\/\/staging.nbg.eu\/hr\/wp-json\/wp\/v2\/product_brand?post=67344"},{"taxonomy":"product_cat","embeddable":true,"href":"https:\/\/staging.nbg.eu\/hr\/wp-json\/wp\/v2\/product_cat?post=67344"},{"taxonomy":"product_tag","embeddable":true,"href":"https:\/\/staging.nbg.eu\/hr\/wp-json\/wp\/v2\/product_tag?post=67344"}],"curies":[{"name":"wp","href":"https:\/\/api.w.org\/{rel}","templated":true}]}}