{"id":67258,"date":"2024-01-13T13:21:56","date_gmt":"2024-09-20T12:03:47","guid":{"rendered":"https:\/\/staging.nbg.eu\/product\/surefire-switch-st07\/"},"modified":"2024-09-20T12:04:25","modified_gmt":"2024-09-20T12:04:25","slug":"surefire-prekidac-st07","status":"publish","type":"product","link":"https:\/\/staging.nbg.eu\/hr\/proizvod\/surefire-prekidac-st07\/","title":{"rendered":"SureFire Prekida\u010d ST07"},"content":{"rendered":"<p>\nSureFire Switch ST07 omogu\u0107uje daljinsku aktivaciju za kompatibilna oru\u017eana svjetla. Zna\u010dajke:<\/p>\n<ul>\n<li>Kabel od 17,8 cm za upotrebu na pu\u0161kama\/karabinima<\/li>\n<li>Utika\u010d s O-prstenom za otpornost na vremenske uvjete<\/li>\n<li>\u010ci\u010dak traka za prilagodljivo postavljanje<\/li>\n<\/ul>\n<p>Ovaj izdr\u017eljivi daljinski prekida\u010d pobolj\u0161ava takti\u010dku kontrolu.<\/p>\n","protected":false},"excerpt":{"rendered":"<p>Daljinski prekida\u010d za SureFire WeaponLights. Kabel du\u017eine 17,8 cm, otporan na vremenske uvjete.<\/p>\n","protected":false},"featured_media":67259,"template":"","meta":{"_acf_changed":false},"product_brand":[11859],"product_cat":[13584,13569,13560],"product_tag":[],"class_list":{"0":"post-67258","1":"product","2":"type-product","3":"status-publish","4":"has-post-thumbnail","6":"product_brand-surefire","7":"product_cat-dodaci-za-svjetla","8":"product_cat-puska","9":"product_cat-svjetla","11":"first","12":"instock","13":"taxable","14":"shipping-taxable","15":"purchasable","16":"product-type-simple"},"acf":[],"_links":{"self":[{"href":"https:\/\/staging.nbg.eu\/hr\/wp-json\/wp\/v2\/product\/67258","targetHints":{"allow":["GET"]}}],"collection":[{"href":"https:\/\/staging.nbg.eu\/hr\/wp-json\/wp\/v2\/product"}],"about":[{"href":"https:\/\/staging.nbg.eu\/hr\/wp-json\/wp\/v2\/types\/product"}],"wp:featuredmedia":[{"embeddable":true,"href":"https:\/\/staging.nbg.eu\/hr\/wp-json\/wp\/v2\/media\/67259"}],"wp:attachment":[{"href":"https:\/\/staging.nbg.eu\/hr\/wp-json\/wp\/v2\/media?parent=67258"}],"wp:term":[{"taxonomy":"product_brand","embeddable":true,"href":"https:\/\/staging.nbg.eu\/hr\/wp-json\/wp\/v2\/product_brand?post=67258"},{"taxonomy":"product_cat","embeddable":true,"href":"https:\/\/staging.nbg.eu\/hr\/wp-json\/wp\/v2\/product_cat?post=67258"},{"taxonomy":"product_tag","embeddable":true,"href":"https:\/\/staging.nbg.eu\/hr\/wp-json\/wp\/v2\/product_tag?post=67258"}],"curies":[{"name":"wp","href":"https:\/\/api.w.org\/{rel}","templated":true}]}}