{"id":66974,"date":"2024-01-13T13:29:38","date_gmt":"2024-09-20T11:59:32","guid":{"rendered":"https:\/\/staging.nbg.eu\/product\/surefire-x300u-a\/"},"modified":"2025-02-19T14:50:38","modified_gmt":"2025-02-19T14:50:38","slug":"surefire-x300u-a","status":"publish","type":"product","link":"https:\/\/staging.nbg.eu\/hr\/proizvod\/surefire-x300u-a\/","title":{"rendered":"SureFire X300U-A"},"content":{"rendered":"<div class=\"product-description\">\n<h2>SureFire X300U-A Takti\u010dko oru\u017eno svjetlo<\/h2>\n<p>SureFire X300U-A je takti\u010dko svjetlo visokih performansi. Proizvodi 1.000 lumena LED izlaza, fokusiranog preciznom TIR le\u0107om.<\/p>\n<ul>\n<li>Sustav za brzo odvajanje za brzo pri\u010dvr\u0161\u0107ivanje\/uklanjanje<\/li>\n<li>Intuitivno ambidekstralno prebacivanje za trenutnu aktivaciju<\/li>\n<li>Tijelo od aluminija s tvrdo anodiziranom zavr\u0161nom obradom po vojnim specifikacijama<\/li>\n<li>IPX7 vodootporna ocjena (1 metar tijekom 30 minuta)<\/li>\n<li>1,25 sati rada na dvije uklju\u010dene 123A litijske baterije<\/li>\n<li>Kompaktan dizajn: 9,55 cm duljine, te\u017eine 113 grama<\/li>\n<\/ul>\n<p>SureFire X300U-A osvjetljava ciljeve na zna\u010dajnim udaljenostima.<\/p>\n<\/div>\n","protected":false},"excerpt":{"rendered":"<p>SureFire X300U-A: Takti\u010dka svjetiljka od 1000 lumena za pi\u0161tolje i pu\u0161ke.<\/p>\n","protected":false},"featured_media":66975,"template":"","meta":{"_acf_changed":false},"product_brand":[11859],"product_cat":[13526,13553,13560],"product_tag":[],"class_list":{"0":"post-66974","1":"product","2":"type-product","3":"status-publish","4":"has-post-thumbnail","6":"product_brand-surefire","7":"product_cat-pistolj","8":"product_cat-pistoljska-svjetla","9":"product_cat-svjetla","11":"first","12":"instock","13":"taxable","14":"shipping-taxable","15":"purchasable","16":"product-type-variable","17":"wvs-archive-product-wrapper"},"acf":[],"_links":{"self":[{"href":"https:\/\/staging.nbg.eu\/hr\/wp-json\/wp\/v2\/product\/66974","targetHints":{"allow":["GET"]}}],"collection":[{"href":"https:\/\/staging.nbg.eu\/hr\/wp-json\/wp\/v2\/product"}],"about":[{"href":"https:\/\/staging.nbg.eu\/hr\/wp-json\/wp\/v2\/types\/product"}],"wp:featuredmedia":[{"embeddable":true,"href":"https:\/\/staging.nbg.eu\/hr\/wp-json\/wp\/v2\/media\/66975"}],"wp:attachment":[{"href":"https:\/\/staging.nbg.eu\/hr\/wp-json\/wp\/v2\/media?parent=66974"}],"wp:term":[{"taxonomy":"product_brand","embeddable":true,"href":"https:\/\/staging.nbg.eu\/hr\/wp-json\/wp\/v2\/product_brand?post=66974"},{"taxonomy":"product_cat","embeddable":true,"href":"https:\/\/staging.nbg.eu\/hr\/wp-json\/wp\/v2\/product_cat?post=66974"},{"taxonomy":"product_tag","embeddable":true,"href":"https:\/\/staging.nbg.eu\/hr\/wp-json\/wp\/v2\/product_tag?post=66974"}],"curies":[{"name":"wp","href":"https:\/\/api.w.org\/{rel}","templated":true}]}}