{"id":66728,"date":"2024-01-13T20:15:17","date_gmt":"2024-09-20T11:56:55","guid":{"rendered":"https:\/\/staging.nbg.eu\/product\/surefire-x300u-b\/"},"modified":"2025-02-19T14:58:27","modified_gmt":"2025-02-19T14:58:27","slug":"surefire-x300u-b","status":"publish","type":"product","link":"https:\/\/staging.nbg.eu\/hr\/proizvod\/surefire-x300u-b\/","title":{"rendered":"SureFire X300U-B"},"content":{"rendered":"<div class=\"product-description\">\n<h2>SureFire X300U-B Takti\u010dka Svjetiljka za Oru\u017eje<\/h2>\n<p>SureFire X300U-B je takti\u010dka svjetiljka visokih performansi namijenjena profesionalcima. Proizvodi 1.000 lumena LED svjetla, fokusiranog preciznom TIR le\u0107om.<\/p>\n<ul>\n<li>T-utor s vijkom za sigurno pri\u010dvr\u0161\u0107ivanje na \u0161ine<\/li>\n<li>Intuitivno ambideksturno prekidanje za trenutno aktiviranje<\/li>\n<li>Tijelo od zrakoplovnog aluminija s tvrdo anodiziranom zavr\u0161nom obradom prema vojnim specifikacijama<\/li>\n<li>IPX7 vodootporna ocjena (1 metar dubine 30 minuta)<\/li>\n<li>1,25 sati rada s dvije uklju\u010dene 123A litijske baterije<\/li>\n<li>Kompaktan dizajn: duljina 9,55 cm, te\u017eina 113 g<\/li>\n<\/ul>\n<p>SureFire X300U-B osvjetljava ciljeve na zna\u010dajnim udaljenostima uz odr\u017eavanje situacijske svijesti.<\/p>\n<\/div>\n","protected":false},"excerpt":{"rendered":"<p>SureFire X300U-B: takti\u010dka svjetiljka od 1000 lumena za pi\u0161tolje i duge cijevi.<\/p>\n","protected":false},"featured_media":66729,"template":"","meta":{"_acf_changed":false},"product_brand":[11859],"product_cat":[13526,13553,13560],"product_tag":[],"class_list":{"0":"post-66728","1":"product","2":"type-product","3":"status-publish","4":"has-post-thumbnail","6":"product_brand-surefire","7":"product_cat-pistolj","8":"product_cat-pistoljska-svjetla","9":"product_cat-svjetla","11":"first","12":"instock","13":"taxable","14":"shipping-taxable","15":"purchasable","16":"product-type-variable","17":"wvs-archive-product-wrapper"},"acf":[],"_links":{"self":[{"href":"https:\/\/staging.nbg.eu\/hr\/wp-json\/wp\/v2\/product\/66728","targetHints":{"allow":["GET"]}}],"collection":[{"href":"https:\/\/staging.nbg.eu\/hr\/wp-json\/wp\/v2\/product"}],"about":[{"href":"https:\/\/staging.nbg.eu\/hr\/wp-json\/wp\/v2\/types\/product"}],"wp:featuredmedia":[{"embeddable":true,"href":"https:\/\/staging.nbg.eu\/hr\/wp-json\/wp\/v2\/media\/66729"}],"wp:attachment":[{"href":"https:\/\/staging.nbg.eu\/hr\/wp-json\/wp\/v2\/media?parent=66728"}],"wp:term":[{"taxonomy":"product_brand","embeddable":true,"href":"https:\/\/staging.nbg.eu\/hr\/wp-json\/wp\/v2\/product_brand?post=66728"},{"taxonomy":"product_cat","embeddable":true,"href":"https:\/\/staging.nbg.eu\/hr\/wp-json\/wp\/v2\/product_cat?post=66728"},{"taxonomy":"product_tag","embeddable":true,"href":"https:\/\/staging.nbg.eu\/hr\/wp-json\/wp\/v2\/product_tag?post=66728"}],"curies":[{"name":"wp","href":"https:\/\/api.w.org\/{rel}","templated":true}]}}