{"id":66482,"date":"2024-01-30T18:10:41","date_gmt":"2024-09-20T11:53:25","guid":{"rendered":"https:\/\/staging.nbg.eu\/product\/surefire-x300t-a\/"},"modified":"2024-09-20T11:54:10","modified_gmt":"2024-09-20T11:54:10","slug":"surefire-x300t-a","status":"publish","type":"product","link":"https:\/\/staging.nbg.eu\/hr\/proizvod\/surefire-x300t-a\/","title":{"rendered":"SureFire X300T-A"},"content":{"rendered":"<div class=\"product-description\">\n<h2>SureFire X300T-A Takti\u010dko oru\u017eano svjetlo<\/h2>\n<p>SureFire X300T-A je takti\u010dko svjetlo visokih performansi. S intenzitetom zrake od 66.000 kandela i izlazom od 650 lumena, ovo svjetlo pru\u017ea:<\/p>\n<ul>\n<li>Turbo uzorak zrake za identifikaciju meta na velikim udaljenostima<\/li>\n<li>Sustav za pri\u010dvr\u0161\u0107ivanje s polugom za brzo montiranje na univerzalne i Picatinny \u0161ine<\/li>\n<li>Ambidekstralni prekida\u010di za brzu aktivaciju<\/li>\n<li>Kompatibilnost s postoje\u0107im X300U-A futrolama<\/li>\n<li>Tijelo od zrakoplovnog aluminija s tvrdom anodiziranom zavr\u0161nom obradom prema vojnim specifikacijama<\/li>\n<li>IPX7 vodootporna ocjena (1 metar tijekom 30 minuta)<\/li>\n<li>1,5 sati rada s dvije uklju\u010dene 123A litijske baterije<\/li>\n<\/ul>\n<p>X300T-A mo\u017ee osvijetliti prijetnje na udaljenosti do 514 metara.<\/p>\n<\/div>\n","protected":false},"excerpt":{"rendered":"<p>SureFire X300T-A: Takti\u010dka svjetiljka od 66.000 kandela za dugodometnu identifikaciju ciljeva.<\/p>\n","protected":false},"featured_media":66483,"template":"","meta":{"_acf_changed":false},"product_brand":[11859],"product_cat":[13526,13553,13560],"product_tag":[],"class_list":{"0":"post-66482","1":"product","2":"type-product","3":"status-publish","4":"has-post-thumbnail","6":"product_brand-surefire","7":"product_cat-pistolj","8":"product_cat-pistoljska-svjetla","9":"product_cat-svjetla","11":"first","12":"instock","13":"taxable","14":"shipping-taxable","15":"purchasable","16":"product-type-variable","17":"wvs-archive-product-wrapper"},"acf":[],"_links":{"self":[{"href":"https:\/\/staging.nbg.eu\/hr\/wp-json\/wp\/v2\/product\/66482","targetHints":{"allow":["GET"]}}],"collection":[{"href":"https:\/\/staging.nbg.eu\/hr\/wp-json\/wp\/v2\/product"}],"about":[{"href":"https:\/\/staging.nbg.eu\/hr\/wp-json\/wp\/v2\/types\/product"}],"wp:featuredmedia":[{"embeddable":true,"href":"https:\/\/staging.nbg.eu\/hr\/wp-json\/wp\/v2\/media\/66483"}],"wp:attachment":[{"href":"https:\/\/staging.nbg.eu\/hr\/wp-json\/wp\/v2\/media?parent=66482"}],"wp:term":[{"taxonomy":"product_brand","embeddable":true,"href":"https:\/\/staging.nbg.eu\/hr\/wp-json\/wp\/v2\/product_brand?post=66482"},{"taxonomy":"product_cat","embeddable":true,"href":"https:\/\/staging.nbg.eu\/hr\/wp-json\/wp\/v2\/product_cat?post=66482"},{"taxonomy":"product_tag","embeddable":true,"href":"https:\/\/staging.nbg.eu\/hr\/wp-json\/wp\/v2\/product_tag?post=66482"}],"curies":[{"name":"wp","href":"https:\/\/api.w.org\/{rel}","templated":true}]}}