{"id":66296,"date":"2024-01-16T19:29:25","date_gmt":"2024-09-20T11:50:47","guid":{"rendered":"https:\/\/staging.nbg.eu\/product\/surefire-x300t-b-weaponlight\/"},"modified":"2024-09-20T11:51:31","modified_gmt":"2024-09-20T11:51:31","slug":"surefire-x300t-b-takticka-lampa","status":"publish","type":"product","link":"https:\/\/staging.nbg.eu\/hr\/proizvod\/surefire-x300t-b-takticka-lampa\/","title":{"rendered":"SureFire X300T-B takti\u010dka lampa"},"content":{"rendered":"<div class=\"product-description\">\n<h2>SureFire X300T-B WEAPONLIGHT<\/h2>\n<p>SureFire X300T-B WEAPONLIGHT je svjetiljka za oru\u017eje iz Turbo serije. Ova verzija X300 modela pru\u017ea:<\/p>\n<ul>\n<li>Intenzitet zrake od 66.000 kandela<\/li>\n<li>650 lumena bijelog svjetla<\/li>\n<li>Turbo uzorak zrake za identifikaciju prijetnji na velikim udaljenostima<\/li>\n<li>1,5 sati rada s dvije uklju\u010dene 123A litijske baterije<\/li>\n<\/ul>\n<p>X300T-B karakteristike:<\/p>\n<ul>\n<li>T-slot vijak za pri\u010dvr\u0161\u0107ivanje na univerzalne i Picatinny \u0161ine<\/li>\n<li>Ambideksterna aktivacija<\/li>\n<li>Kompatibilnost s postoje\u0107im X300U-B futrola<\/li>\n<li>Tijelo od zrakoplovnog aluminija s tvrdom anodiziranom zavr\u0161nom obradom<\/li>\n<li>IPX7 vodootpornost (mo\u017ee se uroniti do 1 metar na 30 minuta)<\/li>\n<\/ul>\n<p>Klju\u010dne specifikacije:<\/p>\n<ul>\n<li>Duljina: 9,55 cm<\/li>\n<li>Te\u017eina s baterijama: 124,7 g<\/li>\n<li>Promjer okvira: 2,9 cm<\/li>\n<li>Efektivni domet: 514 metara<\/li>\n<\/ul>\n<p>SureFire X300T-B WEAPONLIGHT pru\u017ea performanse i pouzdanost u kriti\u010dnim situacijama.<\/p>\n<\/div>\n","protected":false},"excerpt":{"rendered":"<p>Sna\u017ena 650-lumenska WeaponLight svjetiljka s 66.000 kandela zrakom za identifikaciju na ekstremnim udaljenostima.<\/p>\n","protected":false},"featured_media":83162,"template":"","meta":{"_acf_changed":false},"product_brand":[11859],"product_cat":[13526,13553,13560],"product_tag":[],"class_list":{"0":"post-66296","1":"product","2":"type-product","3":"status-publish","4":"has-post-thumbnail","6":"product_brand-surefire","7":"product_cat-pistolj","8":"product_cat-pistoljska-svjetla","9":"product_cat-svjetla","11":"first","12":"instock","13":"taxable","14":"shipping-taxable","15":"purchasable","16":"product-type-variable","17":"wvs-archive-product-wrapper"},"acf":[],"_links":{"self":[{"href":"https:\/\/staging.nbg.eu\/hr\/wp-json\/wp\/v2\/product\/66296","targetHints":{"allow":["GET"]}}],"collection":[{"href":"https:\/\/staging.nbg.eu\/hr\/wp-json\/wp\/v2\/product"}],"about":[{"href":"https:\/\/staging.nbg.eu\/hr\/wp-json\/wp\/v2\/types\/product"}],"wp:featuredmedia":[{"embeddable":true,"href":"https:\/\/staging.nbg.eu\/hr\/wp-json\/wp\/v2\/media\/83162"}],"wp:attachment":[{"href":"https:\/\/staging.nbg.eu\/hr\/wp-json\/wp\/v2\/media?parent=66296"}],"wp:term":[{"taxonomy":"product_brand","embeddable":true,"href":"https:\/\/staging.nbg.eu\/hr\/wp-json\/wp\/v2\/product_brand?post=66296"},{"taxonomy":"product_cat","embeddable":true,"href":"https:\/\/staging.nbg.eu\/hr\/wp-json\/wp\/v2\/product_cat?post=66296"},{"taxonomy":"product_tag","embeddable":true,"href":"https:\/\/staging.nbg.eu\/hr\/wp-json\/wp\/v2\/product_tag?post=66296"}],"curies":[{"name":"wp","href":"https:\/\/api.w.org\/{rel}","templated":true}]}}