{"id":66210,"date":"2024-01-18T13:56:08","date_gmt":"2024-09-20T11:48:08","guid":{"rendered":"https:\/\/staging.nbg.eu\/product\/surefire-switch-assembly-z-xbc\/"},"modified":"2024-09-20T11:49:00","modified_gmt":"2024-09-20T11:49:00","slug":"surefire-sklop-prekidaca-z-xbc","status":"publish","type":"product","link":"https:\/\/staging.nbg.eu\/hr\/proizvod\/surefire-sklop-prekidaca-z-xbc\/","title":{"rendered":"SureFire sklop prekida\u010da Z-XBC"},"content":{"rendered":"<p>\nSureFire prekida\u010d Z-XBC je tvorni\u010dka zamjena za X300, X400 i XH30 oru\u017eane svjetiljke. Zna\u010dajke uklju\u010duju:<\/p>\n<ul>\n<li>Ambidekstralni dvostruki trenutni i stalni prekida\u010d za pritisak\/prebacivanje<\/li>\n<li>Izrada od izdr\u017eljivog polimera<\/li>\n<li>Dostupno u crnoj ili sme\u0111oj boji<\/li>\n<\/ul>\n<p>Nije kompatibilan s XH50G oru\u017eanom svjetiljkom. Provjerite koristite li odgovaraju\u0107i prekida\u010d za va\u0161u SureFire oru\u017eanu svjetiljku.<\/p>\n","protected":false},"excerpt":{"rendered":"<p>Zamjenski prekida\u010d za SureFire X300\/X400\/XH30 oru\u017ene svjetiljke. Dvostruki na\u010din rada.<\/p>\n","protected":false},"featured_media":66211,"template":"","meta":{"_acf_changed":false},"product_brand":[11859],"product_cat":[13584,13526,13553,13560],"product_tag":[],"class_list":{"0":"post-66210","1":"product","2":"type-product","3":"status-publish","4":"has-post-thumbnail","6":"product_brand-surefire","7":"product_cat-dodaci-za-svjetla","8":"product_cat-pistolj","9":"product_cat-pistoljska-svjetla","10":"product_cat-svjetla","12":"first","13":"instock","14":"taxable","15":"shipping-taxable","16":"purchasable","17":"product-type-variable","18":"wvs-archive-product-wrapper"},"acf":[],"_links":{"self":[{"href":"https:\/\/staging.nbg.eu\/hr\/wp-json\/wp\/v2\/product\/66210","targetHints":{"allow":["GET"]}}],"collection":[{"href":"https:\/\/staging.nbg.eu\/hr\/wp-json\/wp\/v2\/product"}],"about":[{"href":"https:\/\/staging.nbg.eu\/hr\/wp-json\/wp\/v2\/types\/product"}],"wp:featuredmedia":[{"embeddable":true,"href":"https:\/\/staging.nbg.eu\/hr\/wp-json\/wp\/v2\/media\/66211"}],"wp:attachment":[{"href":"https:\/\/staging.nbg.eu\/hr\/wp-json\/wp\/v2\/media?parent=66210"}],"wp:term":[{"taxonomy":"product_brand","embeddable":true,"href":"https:\/\/staging.nbg.eu\/hr\/wp-json\/wp\/v2\/product_brand?post=66210"},{"taxonomy":"product_cat","embeddable":true,"href":"https:\/\/staging.nbg.eu\/hr\/wp-json\/wp\/v2\/product_cat?post=66210"},{"taxonomy":"product_tag","embeddable":true,"href":"https:\/\/staging.nbg.eu\/hr\/wp-json\/wp\/v2\/product_tag?post=66210"}],"curies":[{"name":"wp","href":"https:\/\/api.w.org\/{rel}","templated":true}]}}