{"id":66124,"date":"2024-01-19T18:29:10","date_gmt":"2024-09-20T11:44:41","guid":{"rendered":"https:\/\/staging.nbg.eu\/product\/surefire-sf18650-b\/"},"modified":"2024-09-20T11:45:19","modified_gmt":"2024-09-20T11:45:19","slug":"surefire-sf18650-b","status":"publish","type":"product","link":"https:\/\/staging.nbg.eu\/hr\/proizvod\/surefire-sf18650-b\/","title":{"rendered":"SureFire SF18650-B"},"content":{"rendered":"<div class=\"product-description\">\n<h2>SureFire SF18650-B punjiva baterija<\/h2>\n<p>SF18650 punjiva baterija koja pru\u017ea 3,6 volta i 3500 mAh za du\u017ee vrijeme rada. Ima MICRO-USB punjenje za jednostavno punjenje iz razli\u010ditih izvora. Kompatibilna s odabranim SureFire proizvodima, uklju\u010duju\u0107i FURY-DFT, EDC2-DFT i M600DF serije. Mo\u017ee se puniti putem USB-a ili vanjskog 18650 punja\u010da (nije uklju\u010den). SF18650-B se mo\u017ee puniti i ponovno koristiti.<\/p>\n<\/div>\n","protected":false},"excerpt":{"rendered":"<p>Punjiva baterija velikog kapaciteta od 3500 mAh s MICRO-USB punjenjem.<\/p>\n","protected":false},"featured_media":66125,"template":"","meta":{"_acf_changed":false},"product_brand":[11859],"product_cat":[13508,13559,13528,13560],"product_tag":[],"class_list":{"0":"post-66124","1":"product","2":"type-product","3":"status-publish","4":"has-post-thumbnail","6":"product_brand-surefire","7":"product_cat-baterije","8":"product_cat-edc","9":"product_cat-edc-svjetla","10":"product_cat-svjetla","12":"first","13":"instock","14":"taxable","15":"shipping-taxable","16":"purchasable","17":"product-type-simple"},"acf":[],"_links":{"self":[{"href":"https:\/\/staging.nbg.eu\/hr\/wp-json\/wp\/v2\/product\/66124","targetHints":{"allow":["GET"]}}],"collection":[{"href":"https:\/\/staging.nbg.eu\/hr\/wp-json\/wp\/v2\/product"}],"about":[{"href":"https:\/\/staging.nbg.eu\/hr\/wp-json\/wp\/v2\/types\/product"}],"wp:featuredmedia":[{"embeddable":true,"href":"https:\/\/staging.nbg.eu\/hr\/wp-json\/wp\/v2\/media\/66125"}],"wp:attachment":[{"href":"https:\/\/staging.nbg.eu\/hr\/wp-json\/wp\/v2\/media?parent=66124"}],"wp:term":[{"taxonomy":"product_brand","embeddable":true,"href":"https:\/\/staging.nbg.eu\/hr\/wp-json\/wp\/v2\/product_brand?post=66124"},{"taxonomy":"product_cat","embeddable":true,"href":"https:\/\/staging.nbg.eu\/hr\/wp-json\/wp\/v2\/product_cat?post=66124"},{"taxonomy":"product_tag","embeddable":true,"href":"https:\/\/staging.nbg.eu\/hr\/wp-json\/wp\/v2\/product_tag?post=66124"}],"curies":[{"name":"wp","href":"https:\/\/api.w.org\/{rel}","templated":true}]}}