{"id":65691,"date":"2024-01-21T17:29:54","date_gmt":"2024-09-20T11:35:41","guid":{"rendered":"https:\/\/staging.nbg.eu\/product\/surefire-edc2-dft\/"},"modified":"2024-09-20T11:36:26","modified_gmt":"2024-09-20T11:36:26","slug":"surefire-edc2-dft","status":"publish","type":"product","link":"https:\/\/staging.nbg.eu\/hr\/proizvod\/surefire-edc2-dft\/","title":{"rendered":"SureFire EDC2-DFT"},"content":{"rendered":"<h2>SureFire EDC2-DFT: Svjetiljka<\/h2>\n<p>SureFire EDC2-DFT je kompaktna svjetiljka za svakodnevno no\u0161enje. Zna\u010dajke uklju\u010duju:<\/p>\n<ul>\n<li>100.000 kandela intenziteta svjetlosnog snopa (s uklju\u010denom SF18650B baterijom)<\/li>\n<li>Turbo uzorak snopa za koncentrirano osvjetljenje<\/li>\n<li>Dual Fuel tehnologija: koristi punjive SF18650 ili dvije 123A litijske baterije<\/li>\n<li>Aluminijsko ku\u0107i\u0161te s tvrdom anodizacijom po vojnim specifikacijama, zadovoljava IPX7 standarde vodootpornosti<\/li>\n<li>700 lumena izlazne snage s 2,75 sati rada (18650 baterija)<\/li>\n<li>Domet snopa od 632 metra<\/li>\n<li>Duljina 5,91 in\u010da, te\u017eina 5,6 unci<\/li>\n<\/ul>\n<p>EDC2-DFT Turbo Series reflektor pru\u017ea najdalji domet snopa u SureFire-ovoj kompaktnoj EDC liniji. Ima \u010dvrstu konstrukciju i svestranu dvosmjernu kop\u010du. Mo\u017ee se koristiti za osobnu sigurnost ili profesionalnu upotrebu.<\/p>\n<p>Proizvedeno od strane SureFire-a.<\/p>\n","protected":false},"excerpt":{"rendered":"<p>Kompaktna, sna\u017ena svjetiljka sa zrakom od 100.000 kandela i dvostrukim napajanjem.<\/p>\n","protected":false},"featured_media":65692,"template":"","meta":{"_acf_changed":false},"product_brand":[11859],"product_cat":[13559,13528,13560],"product_tag":[],"class_list":{"0":"post-65691","1":"product","2":"type-product","3":"status-publish","4":"has-post-thumbnail","6":"product_brand-surefire","7":"product_cat-edc","8":"product_cat-edc-svjetla","9":"product_cat-svjetla","11":"first","12":"instock","13":"taxable","14":"shipping-taxable","15":"purchasable","16":"product-type-variable","17":"wvs-archive-product-wrapper"},"acf":[],"_links":{"self":[{"href":"https:\/\/staging.nbg.eu\/hr\/wp-json\/wp\/v2\/product\/65691","targetHints":{"allow":["GET"]}}],"collection":[{"href":"https:\/\/staging.nbg.eu\/hr\/wp-json\/wp\/v2\/product"}],"about":[{"href":"https:\/\/staging.nbg.eu\/hr\/wp-json\/wp\/v2\/types\/product"}],"wp:featuredmedia":[{"embeddable":true,"href":"https:\/\/staging.nbg.eu\/hr\/wp-json\/wp\/v2\/media\/65692"}],"wp:attachment":[{"href":"https:\/\/staging.nbg.eu\/hr\/wp-json\/wp\/v2\/media?parent=65691"}],"wp:term":[{"taxonomy":"product_brand","embeddable":true,"href":"https:\/\/staging.nbg.eu\/hr\/wp-json\/wp\/v2\/product_brand?post=65691"},{"taxonomy":"product_cat","embeddable":true,"href":"https:\/\/staging.nbg.eu\/hr\/wp-json\/wp\/v2\/product_cat?post=65691"},{"taxonomy":"product_tag","embeddable":true,"href":"https:\/\/staging.nbg.eu\/hr\/wp-json\/wp\/v2\/product_tag?post=65691"}],"curies":[{"name":"wp","href":"https:\/\/api.w.org\/{rel}","templated":true}]}}