{"id":65606,"date":"2024-01-21T17:47:21","date_gmt":"2024-09-20T11:31:45","guid":{"rendered":"https:\/\/staging.nbg.eu\/product\/surefire-sflfp123-batteries\/"},"modified":"2024-09-20T11:32:25","modified_gmt":"2024-09-20T11:32:25","slug":"surefire-sflfp123-baterije","status":"publish","type":"product","link":"https:\/\/staging.nbg.eu\/hr\/proizvod\/surefire-sflfp123-baterije\/","title":{"rendered":"SureFire SFLFP123 baterije"},"content":{"rendered":"<div class=\"product-description\">\n<h2>SureFire SFLFP123 Punjive baterije<\/h2>\n<p>Napajajte svoje LED ure\u0111aje za osvjetljenje SureFire SFLFP123 litij-\u017eeljezo-fosfat (LiFePO4) punjivim baterijama. Ove \u0107elije od 3,2V nude kapacitet od 450mAh i 1,44Wh energije, osiguravaju\u0107i dugotrajni rad.<\/p>\n<ul>\n<li>Unutarnji sklop za sigurno punjenje<\/li>\n<li>Za\u0161tita od prekomjernog punjenja, kratkog spoja i obrnutog polariteta<\/li>\n<li>Brzo punjenje: 1,5 do 3 sata<\/li>\n<li>Lagane: samo 17 grama po bateriji<\/li>\n<li>Dostupne kao set samo s baterijama ili komplet s punja\u010dem<\/li>\n<\/ul>\n<p>Napomena: Ove baterije su dizajnirane isklju\u010divo za LED proizvode za osvjetljenje i ne smiju se koristiti s \u017earuljama sa \u017earnom niti. Koristite SureFire SFLFP123 baterije za va\u0161e potrebe napajanja.<\/p>\n<\/div>\n","protected":false},"excerpt":{"rendered":"<p>SureFire SFLFP123: Punjive 3,2V LiFePO4 baterije za LED svjetla.<\/p>\n","protected":false},"featured_media":65607,"template":"","meta":{"_acf_changed":false},"product_brand":[11859],"product_cat":[],"product_tag":[],"class_list":{"0":"post-65606","1":"product","2":"type-product","3":"status-publish","4":"has-post-thumbnail","6":"product_brand-surefire","8":"first","9":"instock","10":"taxable","11":"shipping-taxable","12":"product-type-simple"},"acf":[],"_links":{"self":[{"href":"https:\/\/staging.nbg.eu\/hr\/wp-json\/wp\/v2\/product\/65606","targetHints":{"allow":["GET"]}}],"collection":[{"href":"https:\/\/staging.nbg.eu\/hr\/wp-json\/wp\/v2\/product"}],"about":[{"href":"https:\/\/staging.nbg.eu\/hr\/wp-json\/wp\/v2\/types\/product"}],"wp:featuredmedia":[{"embeddable":true,"href":"https:\/\/staging.nbg.eu\/hr\/wp-json\/wp\/v2\/media\/65607"}],"wp:attachment":[{"href":"https:\/\/staging.nbg.eu\/hr\/wp-json\/wp\/v2\/media?parent=65606"}],"wp:term":[{"taxonomy":"product_brand","embeddable":true,"href":"https:\/\/staging.nbg.eu\/hr\/wp-json\/wp\/v2\/product_brand?post=65606"},{"taxonomy":"product_cat","embeddable":true,"href":"https:\/\/staging.nbg.eu\/hr\/wp-json\/wp\/v2\/product_cat?post=65606"},{"taxonomy":"product_tag","embeddable":true,"href":"https:\/\/staging.nbg.eu\/hr\/wp-json\/wp\/v2\/product_tag?post=65606"}],"curies":[{"name":"wp","href":"https:\/\/api.w.org\/{rel}","templated":true}]}}