{"id":65564,"date":"2024-01-23T18:42:27","date_gmt":"2024-01-23T18:42:27","guid":{"rendered":"https:\/\/staging.nbg.eu\/product\/bore-cleaner-1-5-oz\/"},"modified":"2024-09-20T11:29:49","modified_gmt":"2024-09-20T11:29:49","slug":"sredstvo-za-ciscenje-cijevi-15-oz","status":"publish","type":"product","link":"https:\/\/staging.nbg.eu\/hr\/proizvod\/sredstvo-za-ciscenje-cijevi-15-oz\/","title":{"rendered":"Sredstvo za \u010di\u0161\u0107enje cijevi 1.5 oz"},"content":{"rendered":"<p>\nIosso sredstvo za \u010di\u0161\u0107enje cijevi: Pasta na bio bazi za \u010di\u0161\u0107enje oru\u017eja. Uklanja bakar, olovo, ugljik, ne\u010disto\u0107e i hr\u0111u bez prolijevanja ili o\u0161te\u0107enja. Nije korozivno, nema mirisa i ekolo\u0161ki je prihvatljivo. Koristiti s Eliminator \u010detkama i uljem za temeljito \u010di\u0161\u0107enje. Koristi tehnologiju na biljnoj bazi za vatreno oru\u017eje.<\/p>\n","protected":false},"excerpt":{"rendered":"<p>Ekolo\u0161ki prihvatljivo sredstvo za \u010di\u0161\u0107enje oru\u017eja u obliku paste. Brzo uklanja ostatke i naslage.<\/p>\n","protected":false},"featured_media":101673,"template":"","meta":{"_acf_changed":false},"product_brand":[11467],"product_cat":[13550,13564],"product_tag":[],"class_list":{"0":"post-65564","1":"product","2":"type-product","3":"status-publish","4":"has-post-thumbnail","6":"product_brand-iosso","7":"product_cat-ciscenje-oruzja","8":"product_cat-sredstva-za-ciscenje","10":"first","11":"instock","12":"taxable","13":"shipping-taxable","14":"purchasable","15":"product-type-simple"},"acf":[],"_links":{"self":[{"href":"https:\/\/staging.nbg.eu\/hr\/wp-json\/wp\/v2\/product\/65564","targetHints":{"allow":["GET"]}}],"collection":[{"href":"https:\/\/staging.nbg.eu\/hr\/wp-json\/wp\/v2\/product"}],"about":[{"href":"https:\/\/staging.nbg.eu\/hr\/wp-json\/wp\/v2\/types\/product"}],"wp:featuredmedia":[{"embeddable":true,"href":"https:\/\/staging.nbg.eu\/hr\/wp-json\/wp\/v2\/media\/101673"}],"wp:attachment":[{"href":"https:\/\/staging.nbg.eu\/hr\/wp-json\/wp\/v2\/media?parent=65564"}],"wp:term":[{"taxonomy":"product_brand","embeddable":true,"href":"https:\/\/staging.nbg.eu\/hr\/wp-json\/wp\/v2\/product_brand?post=65564"},{"taxonomy":"product_cat","embeddable":true,"href":"https:\/\/staging.nbg.eu\/hr\/wp-json\/wp\/v2\/product_cat?post=65564"},{"taxonomy":"product_tag","embeddable":true,"href":"https:\/\/staging.nbg.eu\/hr\/wp-json\/wp\/v2\/product_tag?post=65564"}],"curies":[{"name":"wp","href":"https:\/\/api.w.org\/{rel}","templated":true}]}}