{"id":65309,"date":"2024-09-19T17:15:31","date_gmt":"2024-09-19T14:15:31","guid":{"rendered":"https:\/\/staging.nbg.eu\/?post_type=product&#038;p=65309"},"modified":"2025-10-20T12:25:38","modified_gmt":"2025-10-20T09:25:38","slug":"rh-owb-classics-futrola","status":"publish","type":"product","link":"https:\/\/staging.nbg.eu\/hr\/proizvod\/rh-owb-classics-futrola\/","title":{"rendered":"RH OWB Classics futrola"},"content":{"rendered":"<div class=\"product-description\">\n<h2>RH OWB Klasi\u010dna futrola<\/h2>\n<p>RH OWB Klasi\u010dna futrola izra\u0111ena je od ko\u017ee i \u0161ivana. Ova futrola za no\u0161enje izvan pojasa nudi:<\/p>\n<ul>\n<li>Izdr\u017eljiva izrada za dugotrajnu upotrebu<\/li>\n<li>Udobno pristajanje za cjelodnevno no\u0161enje<\/li>\n<li>Sigurno zadr\u017eavanje oru\u017eja na mjestu<\/li>\n<li>Brzo i lako izvla\u010denje<\/li>\n<li>Klasi\u010dni dizajn<\/li>\n<\/ul>\n<p>Dostupna je za mnoge modele pi\u0161tolja. RH OWB Klasi\u010dna futrola pogodna je za prikriveno no\u0161enje, vje\u017ebanje na streli\u0161tu ili otvoreno no\u0161enje. Ova futrola je popularna me\u0111u vlasnicima vatrenog oru\u017eja.<\/p>\n<\/div>\n","protected":false},"excerpt":{"rendered":"<p>Sigurna, udobna vanjska futrola za klasi\u010dno vatreno oru\u017eje. Izdr\u017eljiv dizajn.<\/p>\n","protected":false},"featured_media":65443,"template":"","meta":{"_acf_changed":false},"product_brand":[11629],"product_cat":[13523,13561,13510],"product_tag":[],"class_list":{"0":"post-65309","1":"product","2":"type-product","3":"status-publish","4":"has-post-thumbnail","6":"product_brand-rh-holsters","7":"product_cat-futrola","8":"product_cat-sportska-futrola","9":"product_cat-takticka-futrola","10":"pa_belt-size-40mm-hr","11":"pa_light-streamlight-tlr-1","12":"pa_light-surefire-x300-ultra-a-hr","13":"pa_light-surefire-x300u","14":"pa_light-without-light-hr","15":"pa_model-1911-hr","16":"pa_model-beretta-92fs-hr","17":"pa_model-beretta-92x-hr","18":"pa_model-cz-75-b-hr","19":"pa_model-glock-17-hr","20":"pa_model-glock-19-17","21":"pa_model-glock-19-23-32-hr","22":"pa_model-glock-43x-hr","23":"pa_model-hk45-hr","24":"pa_model-sig-sauer-p226-bez-railu-hr","25":"pa_strong-hand-right-hr","27":"first","28":"instock","29":"taxable","30":"shipping-taxable","31":"purchasable","32":"product-type-variable","33":"wvs-archive-product-wrapper"},"acf":[],"_links":{"self":[{"href":"https:\/\/staging.nbg.eu\/hr\/wp-json\/wp\/v2\/product\/65309","targetHints":{"allow":["GET"]}}],"collection":[{"href":"https:\/\/staging.nbg.eu\/hr\/wp-json\/wp\/v2\/product"}],"about":[{"href":"https:\/\/staging.nbg.eu\/hr\/wp-json\/wp\/v2\/types\/product"}],"wp:featuredmedia":[{"embeddable":true,"href":"https:\/\/staging.nbg.eu\/hr\/wp-json\/wp\/v2\/media\/65443"}],"wp:attachment":[{"href":"https:\/\/staging.nbg.eu\/hr\/wp-json\/wp\/v2\/media?parent=65309"}],"wp:term":[{"taxonomy":"product_brand","embeddable":true,"href":"https:\/\/staging.nbg.eu\/hr\/wp-json\/wp\/v2\/product_brand?post=65309"},{"taxonomy":"product_cat","embeddable":true,"href":"https:\/\/staging.nbg.eu\/hr\/wp-json\/wp\/v2\/product_cat?post=65309"},{"taxonomy":"product_tag","embeddable":true,"href":"https:\/\/staging.nbg.eu\/hr\/wp-json\/wp\/v2\/product_tag?post=65309"}],"curies":[{"name":"wp","href":"https:\/\/api.w.org\/{rel}","templated":true}]}}