{"id":63487,"date":"2024-01-23T18:50:53","date_gmt":"2024-09-16T13:20:55","guid":{"rendered":"https:\/\/staging.nbg.eu\/product\/iosso-case-polish\/"},"modified":"2024-09-16T13:21:38","modified_gmt":"2024-09-16T13:21:38","slug":"iosso-pasta-za-poliranje-cahura","status":"publish","type":"product","link":"https:\/\/staging.nbg.eu\/hr\/proizvod\/iosso-pasta-za-poliranje-cahura\/","title":{"rendered":"Iosso pasta za poliranje \u010dahura"},"content":{"rendered":"<p>\nIosso sredstvo za poliranje \u010dahura: Rje\u0161enje za mjedene \u010dahure<\/p>\n<ul>\n<li>\u010cisti i polira do visokog sjaja<\/li>\n<li>Uklanja ne\u010disto\u0107e, ostatke i oksidaciju<\/li>\n<li>Smanjuje vrijeme potrebno za poliranje<\/li>\n<li>\u0160titi od budu\u0107e oksidacije<\/li>\n<li>Nova formula na biolo\u0161koj osnovi<\/li>\n<li>Sigurno za korisnike i okoli\u0161<\/li>\n<\/ul>\n<p>Postignite izgled kao nov na va\u0161im mjedenim \u010dahurama s Iosso sredstvom za poliranje \u010dahura. Prikladno za zaprljane ili prethodno o\u010di\u0161\u0107ene \u010dahure.<\/p>\n","protected":false},"excerpt":{"rendered":"<p>Iosso lak za \u010dahure: Vra\u0107a mjedenoj \u010dahuri sjajan izgled.<\/p>\n","protected":false},"featured_media":102439,"template":"","meta":{"_acf_changed":false},"product_brand":[11467],"product_cat":[13563,13565],"product_tag":[],"class_list":{"0":"post-63487","1":"product","2":"type-product","3":"status-publish","4":"has-post-thumbnail","6":"product_brand-iosso","7":"product_cat-priprema-cahura","8":"product_cat-punjenje-metaka","10":"first","11":"instock","12":"taxable","13":"shipping-taxable","14":"purchasable","15":"product-type-variable","16":"wvs-archive-product-wrapper"},"acf":[],"_links":{"self":[{"href":"https:\/\/staging.nbg.eu\/hr\/wp-json\/wp\/v2\/product\/63487","targetHints":{"allow":["GET"]}}],"collection":[{"href":"https:\/\/staging.nbg.eu\/hr\/wp-json\/wp\/v2\/product"}],"about":[{"href":"https:\/\/staging.nbg.eu\/hr\/wp-json\/wp\/v2\/types\/product"}],"wp:featuredmedia":[{"embeddable":true,"href":"https:\/\/staging.nbg.eu\/hr\/wp-json\/wp\/v2\/media\/102439"}],"wp:attachment":[{"href":"https:\/\/staging.nbg.eu\/hr\/wp-json\/wp\/v2\/media?parent=63487"}],"wp:term":[{"taxonomy":"product_brand","embeddable":true,"href":"https:\/\/staging.nbg.eu\/hr\/wp-json\/wp\/v2\/product_brand?post=63487"},{"taxonomy":"product_cat","embeddable":true,"href":"https:\/\/staging.nbg.eu\/hr\/wp-json\/wp\/v2\/product_cat?post=63487"},{"taxonomy":"product_tag","embeddable":true,"href":"https:\/\/staging.nbg.eu\/hr\/wp-json\/wp\/v2\/product_tag?post=63487"}],"curies":[{"name":"wp","href":"https:\/\/api.w.org\/{rel}","templated":true}]}}