{"id":63379,"date":"2024-01-23T19:15:27","date_gmt":"2024-09-16T13:12:23","guid":{"rendered":"https:\/\/staging.nbg.eu\/product\/iosso-cotton-knit-cleaning-patches\/"},"modified":"2024-09-16T13:13:08","modified_gmt":"2024-09-16T13:13:08","slug":"iosso-pamucne-krpice-za-ciscenje","status":"publish","type":"product","link":"https:\/\/staging.nbg.eu\/hr\/proizvod\/iosso-pamucne-krpice-za-ciscenje\/","title":{"rendered":"Iosso pamu\u010dne krpice za \u010di\u0161\u0107enje"},"content":{"rendered":"<p>\nIosso pamu\u010dne pletene krpice za \u010di\u0161\u0107enje: 100% pamuk, bez dla\u010dica i otporne na habanje. Pletena tkanina bolje hvata ne\u010disto\u0107e od flanela ili akrila. Dostupne veli\u010dine:<\/p>\n<ul>\n<li>1-1\/2&#8243;: za pu\u0161ke kalibra .22 do .270<\/li>\n<li>2-1\/2&#8243;: za kalibre .338 do .357<\/li>\n<li>3&#8243;: za sa\u010dmarice<\/li>\n<li>6&#8243;: za 37-40mm<\/li>\n<\/ul>\n<p>Pletena pique tkanina osigurava u\u010dinkovito \u010di\u0161\u0107enje.<\/p>\n","protected":false},"excerpt":{"rendered":"<p>Pamu\u010dne krpice bez dla\u010dica za vrhunsko \u010di\u0161\u0107enje vatrenog oru\u017eja.<\/p>\n","protected":false},"featured_media":107554,"template":"","meta":{"_acf_changed":false},"product_brand":[11467],"product_cat":[13577,13550],"product_tag":[],"class_list":{"0":"post-63379","1":"product","2":"type-product","3":"status-publish","4":"has-post-thumbnail","6":"product_brand-iosso","7":"product_cat-cetke","8":"product_cat-ciscenje-oruzja","10":"first","11":"instock","12":"taxable","13":"shipping-taxable","14":"purchasable","15":"product-type-variable","16":"wvs-archive-product-wrapper"},"acf":[],"_links":{"self":[{"href":"https:\/\/staging.nbg.eu\/hr\/wp-json\/wp\/v2\/product\/63379","targetHints":{"allow":["GET"]}}],"collection":[{"href":"https:\/\/staging.nbg.eu\/hr\/wp-json\/wp\/v2\/product"}],"about":[{"href":"https:\/\/staging.nbg.eu\/hr\/wp-json\/wp\/v2\/types\/product"}],"wp:featuredmedia":[{"embeddable":true,"href":"https:\/\/staging.nbg.eu\/hr\/wp-json\/wp\/v2\/media\/107554"}],"wp:attachment":[{"href":"https:\/\/staging.nbg.eu\/hr\/wp-json\/wp\/v2\/media?parent=63379"}],"wp:term":[{"taxonomy":"product_brand","embeddable":true,"href":"https:\/\/staging.nbg.eu\/hr\/wp-json\/wp\/v2\/product_brand?post=63379"},{"taxonomy":"product_cat","embeddable":true,"href":"https:\/\/staging.nbg.eu\/hr\/wp-json\/wp\/v2\/product_cat?post=63379"},{"taxonomy":"product_tag","embeddable":true,"href":"https:\/\/staging.nbg.eu\/hr\/wp-json\/wp\/v2\/product_tag?post=63379"}],"curies":[{"name":"wp","href":"https:\/\/api.w.org\/{rel}","templated":true}]}}