{"id":63334,"date":"2024-01-23T19:37:48","date_gmt":"2024-09-16T13:09:22","guid":{"rendered":"https:\/\/staging.nbg.eu\/product\/iosso-firearms-parts-cleaner-degreaser-37l\/"},"modified":"2024-09-16T13:10:04","modified_gmt":"2024-09-16T13:10:04","slug":"iosso-sredstvo-za-ciscenje-dijelova-vatrenog-oruzja-odmascivac-37l","status":"publish","type":"product","link":"https:\/\/staging.nbg.eu\/hr\/proizvod\/iosso-sredstvo-za-ciscenje-dijelova-vatrenog-oruzja-odmascivac-37l\/","title":{"rendered":"Iosso sredstvo za \u010di\u0161\u0107enje dijelova vatrenog oru\u017eja (odma\u0161\u0107iva\u010d, 3,7L)"},"content":{"rendered":"<p>\nIosso sredstvo za \u010di\u0161\u0107enje dijelova vatrenog oru\u017eja: Razgra\u0111iva\u010d masno\u0107e za vatreno oru\u017eje. Ovaj biorazgradivi \u010dista\u010d u\u010dinkovito uklanja one\u010di\u0161\u0107enja, ugljik, masno\u0107u i ostatke. Siguran za ultrazvu\u010dne ure\u0111aje, sadr\u017ei niske razine hlapivih organskih spojeva i proizveden je od prirodnih biljnih ekstrakata. Mo\u017ee se prskati, namakati ili brisati za \u010di\u0161\u0107enje koje je sigurno za korisnika i okoli\u0161.<\/p>\n","protected":false},"excerpt":{"rendered":"<p>Ekolo\u0161ki prihvatljivo, sna\u017eno sredstvo za odma\u0161\u0107ivanje namijenjeno temeljitom \u010di\u0161\u0107enju dijelova oru\u017eja.<\/p>\n","protected":false},"featured_media":102518,"template":"","meta":{"_acf_changed":false},"product_brand":[11467],"product_cat":[13550,13564],"product_tag":[],"class_list":{"0":"post-63334","1":"product","2":"type-product","3":"status-publish","4":"has-post-thumbnail","6":"product_brand-iosso","7":"product_cat-ciscenje-oruzja","8":"product_cat-sredstva-za-ciscenje","10":"first","11":"instock","12":"taxable","13":"shipping-taxable","14":"purchasable","15":"product-type-simple"},"acf":[],"_links":{"self":[{"href":"https:\/\/staging.nbg.eu\/hr\/wp-json\/wp\/v2\/product\/63334","targetHints":{"allow":["GET"]}}],"collection":[{"href":"https:\/\/staging.nbg.eu\/hr\/wp-json\/wp\/v2\/product"}],"about":[{"href":"https:\/\/staging.nbg.eu\/hr\/wp-json\/wp\/v2\/types\/product"}],"wp:featuredmedia":[{"embeddable":true,"href":"https:\/\/staging.nbg.eu\/hr\/wp-json\/wp\/v2\/media\/102518"}],"wp:attachment":[{"href":"https:\/\/staging.nbg.eu\/hr\/wp-json\/wp\/v2\/media?parent=63334"}],"wp:term":[{"taxonomy":"product_brand","embeddable":true,"href":"https:\/\/staging.nbg.eu\/hr\/wp-json\/wp\/v2\/product_brand?post=63334"},{"taxonomy":"product_cat","embeddable":true,"href":"https:\/\/staging.nbg.eu\/hr\/wp-json\/wp\/v2\/product_cat?post=63334"},{"taxonomy":"product_tag","embeddable":true,"href":"https:\/\/staging.nbg.eu\/hr\/wp-json\/wp\/v2\/product_tag?post=63334"}],"curies":[{"name":"wp","href":"https:\/\/api.w.org\/{rel}","templated":true}]}}