{"id":63271,"date":"2024-01-23T19:46:33","date_gmt":"2024-09-16T13:04:22","guid":{"rendered":"https:\/\/staging.nbg.eu\/product\/iosso-gunbrite\/"},"modified":"2024-09-16T13:05:05","modified_gmt":"2024-09-16T13:05:05","slug":"iosso-gunbrite","status":"publish","type":"product","link":"https:\/\/staging.nbg.eu\/hr\/proizvod\/iosso-gunbrite\/","title":{"rendered":"Iosso GunBrite"},"content":{"rendered":"<p>\nIosso GunBrite: Sredstvo za \u010di\u0161\u0107enje oru\u017eja<\/p>\n<ul>\n<li>Sigurno za sve zavr\u0161ne obrade oru\u017eja<\/li>\n<li>Uklanja one\u010di\u0161\u0107enje, hr\u0111u, patinu i promjenu boje<\/li>\n<li>\u010cisti tvrdokorne prstenove cilindra<\/li>\n<li>Ostavlja za\u0161titni, neuljni premaz<\/li>\n<li>Otporno na otiske prstiju i vlagu<\/li>\n<\/ul>\n<p>Odr\u017eavajte svoje vatreno oru\u017eje \u010distim s Iosso GunBrite.<\/p>\n","protected":false},"excerpt":{"rendered":"<p>Iosso GunBrite: Sigurno \u010disti, polira i \u0161titi vatreno oru\u017eje.<\/p>\n","protected":false},"featured_media":102595,"template":"","meta":{"_acf_changed":false},"product_brand":[11467],"product_cat":[13550,13564],"product_tag":[],"class_list":{"0":"post-63271","1":"product","2":"type-product","3":"status-publish","4":"has-post-thumbnail","6":"product_brand-iosso","7":"product_cat-ciscenje-oruzja","8":"product_cat-sredstva-za-ciscenje","10":"first","11":"instock","12":"taxable","13":"shipping-taxable","14":"purchasable","15":"product-type-variable","16":"wvs-archive-product-wrapper"},"acf":[],"_links":{"self":[{"href":"https:\/\/staging.nbg.eu\/hr\/wp-json\/wp\/v2\/product\/63271","targetHints":{"allow":["GET"]}}],"collection":[{"href":"https:\/\/staging.nbg.eu\/hr\/wp-json\/wp\/v2\/product"}],"about":[{"href":"https:\/\/staging.nbg.eu\/hr\/wp-json\/wp\/v2\/types\/product"}],"wp:featuredmedia":[{"embeddable":true,"href":"https:\/\/staging.nbg.eu\/hr\/wp-json\/wp\/v2\/media\/102595"}],"wp:attachment":[{"href":"https:\/\/staging.nbg.eu\/hr\/wp-json\/wp\/v2\/media?parent=63271"}],"wp:term":[{"taxonomy":"product_brand","embeddable":true,"href":"https:\/\/staging.nbg.eu\/hr\/wp-json\/wp\/v2\/product_brand?post=63271"},{"taxonomy":"product_cat","embeddable":true,"href":"https:\/\/staging.nbg.eu\/hr\/wp-json\/wp\/v2\/product_cat?post=63271"},{"taxonomy":"product_tag","embeddable":true,"href":"https:\/\/staging.nbg.eu\/hr\/wp-json\/wp\/v2\/product_tag?post=63271"}],"curies":[{"name":"wp","href":"https:\/\/api.w.org\/{rel}","templated":true}]}}