{"id":63207,"date":"2024-01-23T19:51:36","date_gmt":"2024-09-16T13:02:51","guid":{"rendered":"https:\/\/staging.nbg.eu\/product\/iosso-sizing-lubricant-and-cleaner\/"},"modified":"2024-09-16T13:03:35","modified_gmt":"2024-09-16T13:03:35","slug":"iosso-mazivo-i-sredstvo-za-ciscenje-pri-dimenzioniranju","status":"publish","type":"product","link":"https:\/\/staging.nbg.eu\/hr\/proizvod\/iosso-mazivo-i-sredstvo-za-ciscenje-pri-dimenzioniranju\/","title":{"rendered":"Iosso mazivo i sredstvo za \u010di\u0161\u0107enje pri dimenzioniranju"},"content":{"rendered":"<p>\nIosso mazivo i sredstvo za \u010di\u0161\u0107enje za kalibriranje: Proizvod na biolo\u0161koj bazi za kalibriranje \u010dahura. Ovo pakiranje od 118 ml \u010disti i podmazuje, sprje\u010davaju\u0107i zaglavljivanje \u010dahura i produljuju\u0107i vijek trajanja kalupa. Jednostavno za uporabu, bez ostataka ili mirisa. Topivo u vodi, biorazgradivo i nezapaljivo. Sprje\u010dava koroziju i hr\u0111u. Nanesite na \u010dahure, kalibrirajte, zatim obri\u0161ite ili isperite prije ponovnog punjenja.<\/p>\n","protected":false},"excerpt":{"rendered":"<p>Biolo\u0161ko sredstvo za \u010di\u0161\u0107enje i podmazivanje za gla\u0111e kalibriranje i dugotrajnije matrice.<\/p>\n","protected":false},"featured_media":107652,"template":"","meta":{"_acf_changed":false},"product_brand":[11467],"product_cat":[13565,13564],"product_tag":[],"class_list":{"0":"post-63207","1":"product","2":"type-product","3":"status-publish","4":"has-post-thumbnail","6":"product_brand-iosso","7":"product_cat-punjenje-metaka","8":"product_cat-sredstva-za-ciscenje","10":"first","11":"instock","12":"taxable","13":"shipping-taxable","14":"purchasable","15":"product-type-variable","16":"wvs-archive-product-wrapper"},"acf":[],"_links":{"self":[{"href":"https:\/\/staging.nbg.eu\/hr\/wp-json\/wp\/v2\/product\/63207","targetHints":{"allow":["GET"]}}],"collection":[{"href":"https:\/\/staging.nbg.eu\/hr\/wp-json\/wp\/v2\/product"}],"about":[{"href":"https:\/\/staging.nbg.eu\/hr\/wp-json\/wp\/v2\/types\/product"}],"wp:featuredmedia":[{"embeddable":true,"href":"https:\/\/staging.nbg.eu\/hr\/wp-json\/wp\/v2\/media\/107652"}],"wp:attachment":[{"href":"https:\/\/staging.nbg.eu\/hr\/wp-json\/wp\/v2\/media?parent=63207"}],"wp:term":[{"taxonomy":"product_brand","embeddable":true,"href":"https:\/\/staging.nbg.eu\/hr\/wp-json\/wp\/v2\/product_brand?post=63207"},{"taxonomy":"product_cat","embeddable":true,"href":"https:\/\/staging.nbg.eu\/hr\/wp-json\/wp\/v2\/product_cat?post=63207"},{"taxonomy":"product_tag","embeddable":true,"href":"https:\/\/staging.nbg.eu\/hr\/wp-json\/wp\/v2\/product_tag?post=63207"}],"curies":[{"name":"wp","href":"https:\/\/api.w.org\/{rel}","templated":true}]}}