{"id":63122,"date":"2024-01-24T09:44:05","date_gmt":"2024-09-16T13:00:26","guid":{"rendered":"https:\/\/staging.nbg.eu\/product\/iosso-triple-action-oil-solution\/"},"modified":"2024-09-16T13:01:08","modified_gmt":"2024-09-16T13:01:08","slug":"iosso-trostruko-djelujuce-ulje","status":"publish","type":"product","link":"https:\/\/staging.nbg.eu\/hr\/proizvod\/iosso-trostruko-djelujuce-ulje\/","title":{"rendered":"Iosso trostruko djeluju\u0107e ulje"},"content":{"rendered":"<p>\nIosso ulje s trostrukim djelovanjem: \u010cisti, podmazuje i \u0161titi va\u0161e vatreno oru\u017eje. Formula na biljnoj bazi koja je biorazgradiva. Prodire i otpu\u0161ta barut, ugljik i plasti\u010dne \u010depove. Slu\u017ei kao mazivo za dijelove i inhibitor korozije. Djeluje na ekstremnim temperaturama do -65\u00b0C. Ekolo\u0161ki prihvatljivo i u\u010dinkovito za \u010di\u0161\u0107enje cijevi i odr\u017eavanje oru\u017eja.<\/p>\n","protected":false},"excerpt":{"rendered":"<p>Ekolo\u0161ko ulje u\u010dinkovito \u010disti, podmazuje i \u0161titi vatreno oru\u017eje.<\/p>\n","protected":false},"featured_media":107606,"template":"","meta":{"_acf_changed":false},"product_brand":[11467],"product_cat":[13550,13538,13564],"product_tag":[],"class_list":{"0":"post-63122","1":"product","2":"type-product","3":"status-publish","4":"has-post-thumbnail","6":"product_brand-iosso","7":"product_cat-ciscenje-oruzja","8":"product_cat-lubrikanti","9":"product_cat-sredstva-za-ciscenje","11":"first","12":"instock","13":"taxable","14":"shipping-taxable","15":"purchasable","16":"product-type-variable","17":"wvs-archive-product-wrapper"},"acf":[],"_links":{"self":[{"href":"https:\/\/staging.nbg.eu\/hr\/wp-json\/wp\/v2\/product\/63122","targetHints":{"allow":["GET"]}}],"collection":[{"href":"https:\/\/staging.nbg.eu\/hr\/wp-json\/wp\/v2\/product"}],"about":[{"href":"https:\/\/staging.nbg.eu\/hr\/wp-json\/wp\/v2\/types\/product"}],"wp:featuredmedia":[{"embeddable":true,"href":"https:\/\/staging.nbg.eu\/hr\/wp-json\/wp\/v2\/media\/107606"}],"wp:attachment":[{"href":"https:\/\/staging.nbg.eu\/hr\/wp-json\/wp\/v2\/media?parent=63122"}],"wp:term":[{"taxonomy":"product_brand","embeddable":true,"href":"https:\/\/staging.nbg.eu\/hr\/wp-json\/wp\/v2\/product_brand?post=63122"},{"taxonomy":"product_cat","embeddable":true,"href":"https:\/\/staging.nbg.eu\/hr\/wp-json\/wp\/v2\/product_cat?post=63122"},{"taxonomy":"product_tag","embeddable":true,"href":"https:\/\/staging.nbg.eu\/hr\/wp-json\/wp\/v2\/product_tag?post=63122"}],"curies":[{"name":"wp","href":"https:\/\/api.w.org\/{rel}","templated":true}]}}