{"id":63078,"date":"2024-01-24T18:43:40","date_gmt":"2024-09-16T12:55:51","guid":{"rendered":"https:\/\/staging.nbg.eu\/product\/iosso-ar-bolt-carrier-key-tube-brush\/"},"modified":"2024-09-16T12:56:29","modified_gmt":"2024-09-16T12:56:29","slug":"iosso-cetka-za-ar-kljuc-nosaca-zatvaraca","status":"publish","type":"product","link":"https:\/\/staging.nbg.eu\/hr\/proizvod\/iosso-cetka-za-ar-kljuc-nosaca-zatvaraca\/","title":{"rendered":"Iosso \u010detka za AR klju\u010d nosa\u010da zatvara\u010da"},"content":{"rendered":"<p>\nIosso AR \u010detkica za \u010di\u0161\u0107enje klju\u010da nosa\u010da zatvara\u010da: Odgovara precizno, uklanja naslage ugljika. Koristiti s Iosso uljem. Ne ostavlja ostatke vlakana. Pogodno za odr\u017eavanje AR oru\u017eja.<\/p>\n","protected":false},"excerpt":{"rendered":"<p>Iosso AR \u010detkica za klju\u010d nosa\u010da zatvara\u010da: U\u010dinkovito \u010disti naslage ugljika.<\/p>\n","protected":false},"featured_media":102276,"template":"","meta":{"_acf_changed":false},"product_brand":[11467],"product_cat":[13577,13550],"product_tag":[],"class_list":{"0":"post-63078","1":"product","2":"type-product","3":"status-publish","4":"has-post-thumbnail","6":"product_brand-iosso","7":"product_cat-cetke","8":"product_cat-ciscenje-oruzja","10":"first","11":"instock","12":"taxable","13":"shipping-taxable","14":"purchasable","15":"product-type-simple"},"acf":[],"_links":{"self":[{"href":"https:\/\/staging.nbg.eu\/hr\/wp-json\/wp\/v2\/product\/63078","targetHints":{"allow":["GET"]}}],"collection":[{"href":"https:\/\/staging.nbg.eu\/hr\/wp-json\/wp\/v2\/product"}],"about":[{"href":"https:\/\/staging.nbg.eu\/hr\/wp-json\/wp\/v2\/types\/product"}],"wp:featuredmedia":[{"embeddable":true,"href":"https:\/\/staging.nbg.eu\/hr\/wp-json\/wp\/v2\/media\/102276"}],"wp:attachment":[{"href":"https:\/\/staging.nbg.eu\/hr\/wp-json\/wp\/v2\/media?parent=63078"}],"wp:term":[{"taxonomy":"product_brand","embeddable":true,"href":"https:\/\/staging.nbg.eu\/hr\/wp-json\/wp\/v2\/product_brand?post=63078"},{"taxonomy":"product_cat","embeddable":true,"href":"https:\/\/staging.nbg.eu\/hr\/wp-json\/wp\/v2\/product_cat?post=63078"},{"taxonomy":"product_tag","embeddable":true,"href":"https:\/\/staging.nbg.eu\/hr\/wp-json\/wp\/v2\/product_tag?post=63078"}],"curies":[{"name":"wp","href":"https:\/\/api.w.org\/{rel}","templated":true}]}}