{"id":62994,"date":"2024-01-25T20:06:46","date_gmt":"2024-09-16T12:23:02","guid":{"rendered":"https:\/\/staging.nbg.eu\/product\/iosso-ar-rifle-gas-tube-cleaning-kit\/"},"modified":"2024-09-16T12:23:40","modified_gmt":"2024-09-16T12:23:40","slug":"iosso-ar-puska-komplet-za-ciscenje-plinske-cijevi","status":"publish","type":"product","link":"https:\/\/staging.nbg.eu\/hr\/proizvod\/iosso-ar-puska-komplet-za-ciscenje-plinske-cijevi\/","title":{"rendered":"Iosso AR pu\u0161ka komplet za \u010di\u0161\u0107enje plinske cijevi"},"content":{"rendered":"<p>\nIosso AR komplet za \u010di\u0161\u0107enje plinske cijevi pu\u0161ke nudi rje\u0161enje za odr\u017eavanje va\u0161e AR pu\u0161ke. Ovaj patentirani komplet uklju\u010duje:<\/p>\n<ul>\n<li>Dvije specijalizirane \u010detke za plinsku cijev<\/li>\n<li>Prozirnu vodilicu<\/li>\n<li>Iosso ulje s trostrukim djelovanjem<\/li>\n<\/ul>\n<p>O\u010distite plinsku cijev bez rastavljanja, osiguravaju\u0107i pravilno funkcioniranje zatvara\u010da i sprje\u010davaju\u0107i nakupljanje ugljika. Ovaj sustav \u010di\u0161\u0107enja \u0161tedi vrijeme i trud.<\/p>\n","protected":false},"excerpt":{"rendered":"<p>U\u010dinkovito sredstvo za \u010di\u0161\u0107enje plinske cijevi AR-a &#8211; nije potrebno rastavljanje.<\/p>\n","protected":false},"featured_media":102314,"template":"","meta":{"_acf_changed":false},"product_brand":[11467],"product_cat":[13577,13550],"product_tag":[],"class_list":{"0":"post-62994","1":"product","2":"type-product","3":"status-publish","4":"has-post-thumbnail","6":"product_brand-iosso","7":"product_cat-cetke","8":"product_cat-ciscenje-oruzja","10":"first","11":"instock","12":"taxable","13":"shipping-taxable","14":"purchasable","15":"product-type-simple"},"acf":[],"_links":{"self":[{"href":"https:\/\/staging.nbg.eu\/hr\/wp-json\/wp\/v2\/product\/62994","targetHints":{"allow":["GET"]}}],"collection":[{"href":"https:\/\/staging.nbg.eu\/hr\/wp-json\/wp\/v2\/product"}],"about":[{"href":"https:\/\/staging.nbg.eu\/hr\/wp-json\/wp\/v2\/types\/product"}],"wp:featuredmedia":[{"embeddable":true,"href":"https:\/\/staging.nbg.eu\/hr\/wp-json\/wp\/v2\/media\/102314"}],"wp:attachment":[{"href":"https:\/\/staging.nbg.eu\/hr\/wp-json\/wp\/v2\/media?parent=62994"}],"wp:term":[{"taxonomy":"product_brand","embeddable":true,"href":"https:\/\/staging.nbg.eu\/hr\/wp-json\/wp\/v2\/product_brand?post=62994"},{"taxonomy":"product_cat","embeddable":true,"href":"https:\/\/staging.nbg.eu\/hr\/wp-json\/wp\/v2\/product_cat?post=62994"},{"taxonomy":"product_tag","embeddable":true,"href":"https:\/\/staging.nbg.eu\/hr\/wp-json\/wp\/v2\/product_tag?post=62994"}],"curies":[{"name":"wp","href":"https:\/\/api.w.org\/{rel}","templated":true}]}}