{"id":62868,"date":"2024-01-25T20:19:03","date_gmt":"2024-09-16T12:20:59","guid":{"rendered":"https:\/\/staging.nbg.eu\/product\/iosso-chamber-brushes-2-pack\/"},"modified":"2024-09-16T12:21:45","modified_gmt":"2024-09-16T12:21:45","slug":"iosso-cetke-za-leziste-2-komada","status":"publish","type":"product","link":"https:\/\/staging.nbg.eu\/hr\/proizvod\/iosso-cetke-za-leziste-2-komada\/","title":{"rendered":"Iosso \u010detke za le\u017ei\u0161te 2 komada"},"content":{"rendered":"<p style=\"text-align: center\"><strong><span style=\"font-size: 170%\">Iosso \u010detke za komoru (2 pakiranja)<\/span><\/strong><\/p>\n<p>Prva \u010detka za \u010di\u0161\u0107enje komore kalibra 6.5 Creedmoor. Dimenzije su precizno odre\u0111ene za to\u010dno \u010di\u0161\u0107enje. Izra\u0111ene su od plave vlakna, koja su debela, \u010dvrsta i zadr\u017eavaju oblik bolje od tradicionalnih mjedenih i bron\u010danih \u010detki. Mogu se koristiti nekoliko puta prije tro\u0161enja. Pakiranje sadr\u017ei 2 \u010detke. Preporu\u010dena sredstva za \u010di\u0161\u0107enje su Iosso sredstvo za \u010di\u0161\u0107enje cijevi i Iosso ulje s trostrukim djelovanjem. <strong>Plave \u010detke su za\u0161titni znak Iosso Products.<\/strong><\/p>\n<table width=\"305\">\n<tbody>\n<tr>\n<td width=\"305\"><strong>AR-15 \u010detka za komoru s navojem, 2 komada<\/strong><\/td>\n<\/tr>\n<tr>\n<td><strong>Grendel AR-15 6.5 \u010detka za komoru, 2 komada<\/strong><\/td>\n<\/tr>\n<tr>\n<td><strong>Creedmoor 6.5 \u010detka za komoru, 2 komada<\/strong><\/td>\n<\/tr>\n<tr>\n<td><strong>AR.308 pu\u0161ka \u010detka za komoru s navojem, 2 komada<\/strong><\/td>\n<\/tr>\n<\/tbody>\n<\/table>\n","protected":false},"excerpt":{"rendered":"<p><strong>Prva \u010detka za \u010di\u0161\u0107enje komore kalibra 6.5 Creedmoor<\/strong><\/p>\n","protected":false},"featured_media":107675,"template":"","meta":{"_acf_changed":false},"product_brand":[11467],"product_cat":[13577,13550],"product_tag":[],"class_list":{"0":"post-62868","1":"product","2":"type-product","3":"status-publish","4":"has-post-thumbnail","6":"product_brand-iosso","7":"product_cat-cetke","8":"product_cat-ciscenje-oruzja","9":"pa_model-6-5-creedmoor-hr","10":"pa_model-6-5-grendel-hr","11":"pa_model-ar-308-hr","12":"pa_model-ar-15-hr","14":"first","15":"instock","16":"taxable","17":"shipping-taxable","18":"purchasable","19":"product-type-variable","20":"wvs-archive-product-wrapper"},"acf":[],"_links":{"self":[{"href":"https:\/\/staging.nbg.eu\/hr\/wp-json\/wp\/v2\/product\/62868","targetHints":{"allow":["GET"]}}],"collection":[{"href":"https:\/\/staging.nbg.eu\/hr\/wp-json\/wp\/v2\/product"}],"about":[{"href":"https:\/\/staging.nbg.eu\/hr\/wp-json\/wp\/v2\/types\/product"}],"wp:featuredmedia":[{"embeddable":true,"href":"https:\/\/staging.nbg.eu\/hr\/wp-json\/wp\/v2\/media\/107675"}],"wp:attachment":[{"href":"https:\/\/staging.nbg.eu\/hr\/wp-json\/wp\/v2\/media?parent=62868"}],"wp:term":[{"taxonomy":"product_brand","embeddable":true,"href":"https:\/\/staging.nbg.eu\/hr\/wp-json\/wp\/v2\/product_brand?post=62868"},{"taxonomy":"product_cat","embeddable":true,"href":"https:\/\/staging.nbg.eu\/hr\/wp-json\/wp\/v2\/product_cat?post=62868"},{"taxonomy":"product_tag","embeddable":true,"href":"https:\/\/staging.nbg.eu\/hr\/wp-json\/wp\/v2\/product_tag?post=62868"}],"curies":[{"name":"wp","href":"https:\/\/api.w.org\/{rel}","templated":true}]}}