{"id":62822,"date":"2024-01-25T20:40:36","date_gmt":"2024-09-16T12:17:10","guid":{"rendered":"https:\/\/staging.nbg.eu\/product\/iosso-shotgun-adapter-brass-8-32-to-5-16-27\/"},"modified":"2024-09-16T12:17:49","modified_gmt":"2024-09-16T12:17:49","slug":"iosso-shotgun-adapter-mjed-832-na-516-27","status":"publish","type":"product","link":"https:\/\/staging.nbg.eu\/hr\/proizvod\/iosso-shotgun-adapter-mjed-832-na-516-27\/","title":{"rendered":"Iosso Shotgun adapter mjed 8\/32 na 5\/16-27"},"content":{"rendered":"<p>\nIosso adapter za sa\u010dmaricu: 8\/32 mu\u0161ki na 5\/16-27 \u017eenski. Pretvara \u0161ipke za \u010detke sa\u010dmarice. Puni mesing, proizveden u SAD-u.<\/p>\n","protected":false},"excerpt":{"rendered":"<p>Mesingani adapter: 8\/32 mu\u0161ki na 5\/16-27 \u017eenski. Za \u010detke za sa\u010dmaricu. Proizvedeno u SAD-u.<\/p>\n","protected":false},"featured_media":107300,"template":"","meta":{"_acf_changed":false},"product_brand":[11467],"product_cat":[13577,13550],"product_tag":[],"class_list":{"0":"post-62822","1":"product","2":"type-product","3":"status-publish","4":"has-post-thumbnail","6":"product_brand-iosso","7":"product_cat-cetke","8":"product_cat-ciscenje-oruzja","10":"first","11":"instock","12":"taxable","13":"shipping-taxable","14":"purchasable","15":"product-type-simple"},"acf":[],"_links":{"self":[{"href":"https:\/\/staging.nbg.eu\/hr\/wp-json\/wp\/v2\/product\/62822","targetHints":{"allow":["GET"]}}],"collection":[{"href":"https:\/\/staging.nbg.eu\/hr\/wp-json\/wp\/v2\/product"}],"about":[{"href":"https:\/\/staging.nbg.eu\/hr\/wp-json\/wp\/v2\/types\/product"}],"wp:featuredmedia":[{"embeddable":true,"href":"https:\/\/staging.nbg.eu\/hr\/wp-json\/wp\/v2\/media\/107300"}],"wp:attachment":[{"href":"https:\/\/staging.nbg.eu\/hr\/wp-json\/wp\/v2\/media?parent=62822"}],"wp:term":[{"taxonomy":"product_brand","embeddable":true,"href":"https:\/\/staging.nbg.eu\/hr\/wp-json\/wp\/v2\/product_brand?post=62822"},{"taxonomy":"product_cat","embeddable":true,"href":"https:\/\/staging.nbg.eu\/hr\/wp-json\/wp\/v2\/product_cat?post=62822"},{"taxonomy":"product_tag","embeddable":true,"href":"https:\/\/staging.nbg.eu\/hr\/wp-json\/wp\/v2\/product_tag?post=62822"}],"curies":[{"name":"wp","href":"https:\/\/api.w.org\/{rel}","templated":true}]}}