{"id":62412,"date":"2024-02-13T20:10:34","date_gmt":"2024-09-16T11:53:31","guid":{"rendered":"https:\/\/staging.nbg.eu\/product\/geissele-chf-chrome-lined-barrel-5-56-13-9\/"},"modified":"2024-09-16T11:54:16","modified_gmt":"2024-09-16T11:54:16","slug":"geissele-chf-chromom-oblazena-cijev-556-139","status":"publish","type":"product","link":"https:\/\/staging.nbg.eu\/hr\/proizvod\/geissele-chf-chromom-oblazena-cijev-556-139\/","title":{"rendered":"Geissele CHF Chromom Obla\u017eena Cijev 5.56 &#8211; 13.9&#8243;"},"content":{"rendered":"<div class=\"product-description\">\n<h2>Geissele CHF kromirana cijev &#8211; 5,56<\/h2>\n<p>Geissele CHF kromirana cijev u kalibru 5,56 NATO proizvedena je u North Walesu, PA, kombinira tehnologiju s izradom.<\/p>\n<ul>\n<li>Hladno kovana (CHF) za pove\u0107anu \u010dvrsto\u0107u i trajnost<\/li>\n<li>Kromirana za pove\u0107anu otpornost na koroziju i lak\u0161e \u010di\u0161\u0107enje<\/li>\n<li>Testirana visokim tlakom (HPT) i magnetskim \u010desticama (MPI) za osiguranje kvalitete<\/li>\n<li>Pogodna za slu\u017ebeno oru\u017eje, natjecateljsko oru\u017eje i ostale namjene<\/li>\n<li>Precizno strojna obrada kori\u0161tenjem kvalitetnih materijala za konzistentnost i preciznost<\/li>\n<\/ul>\n<p>Odaberite Geissele za u\u010dinkovitost u svim situacijama.<\/p>\n<\/div>\n","protected":false},"excerpt":{"rendered":"<p>Precizno kovana cijev kalibra 5,56. HPT\/MPI testirana za pouzdanost.<\/p>\n","protected":false},"featured_media":62413,"template":"","meta":{"_acf_changed":false},"product_brand":[11375],"product_cat":[13543,13566,13569,13518],"product_tag":[],"class_list":{"0":"post-62412","1":"product","2":"type-product","3":"status-publish","4":"has-post-thumbnail","6":"product_brand-geissele","7":"product_cat-cijevi","8":"product_cat-karabini","9":"product_cat-puska","10":"product_cat-rifle-tuning","12":"first","13":"instock","14":"taxable","15":"shipping-taxable","16":"product-type-simple"},"acf":[],"_links":{"self":[{"href":"https:\/\/staging.nbg.eu\/hr\/wp-json\/wp\/v2\/product\/62412","targetHints":{"allow":["GET"]}}],"collection":[{"href":"https:\/\/staging.nbg.eu\/hr\/wp-json\/wp\/v2\/product"}],"about":[{"href":"https:\/\/staging.nbg.eu\/hr\/wp-json\/wp\/v2\/types\/product"}],"wp:featuredmedia":[{"embeddable":true,"href":"https:\/\/staging.nbg.eu\/hr\/wp-json\/wp\/v2\/media\/62413"}],"wp:attachment":[{"href":"https:\/\/staging.nbg.eu\/hr\/wp-json\/wp\/v2\/media?parent=62412"}],"wp:term":[{"taxonomy":"product_brand","embeddable":true,"href":"https:\/\/staging.nbg.eu\/hr\/wp-json\/wp\/v2\/product_brand?post=62412"},{"taxonomy":"product_cat","embeddable":true,"href":"https:\/\/staging.nbg.eu\/hr\/wp-json\/wp\/v2\/product_cat?post=62412"},{"taxonomy":"product_tag","embeddable":true,"href":"https:\/\/staging.nbg.eu\/hr\/wp-json\/wp\/v2\/product_tag?post=62412"}],"curies":[{"name":"wp","href":"https:\/\/api.w.org\/{rel}","templated":true}]}}