{"id":62349,"date":"2024-02-14T06:58:29","date_gmt":"2024-09-16T11:49:47","guid":{"rendered":"https:\/\/staging.nbg.eu\/product\/geissele-super-mcx-ssa-m4-curved-trigger\/"},"modified":"2024-09-16T11:50:26","modified_gmt":"2024-09-16T11:50:26","slug":"geissele-super-mcx-ssa-m4-zakrivljeni-okidac","status":"publish","type":"product","link":"https:\/\/staging.nbg.eu\/hr\/proizvod\/geissele-super-mcx-ssa-m4-zakrivljeni-okidac\/","title":{"rendered":"Geissele Super MCX SSA &#8211; M4 Zakrivljeni Okida\u010d"},"content":{"rendered":"<div class=\"product-description\">\n<h2>Geissele Super MCX SSA &#8211; M4 zakrivljeni okida\u010d<\/h2>\n<p>Geissele Super MCX SSA je dvostupanjski okida\u010d inspiriran borbenim okida\u010dima. Razvijen je iz na\u0161eg CRANE Safety certificiranog okida\u010da za M4 karabin. Ovaj okida\u010d od pribli\u017eno 2 kg nije podesiv i nudi:<\/p>\n<ul>\n<li>Preciznu kontrolu okidanja<\/li>\n<li>Lagani pritisak za precizne primjene<\/li>\n<li>Prilagodljivost za zahtjevne situacije poput borbe u bliskim prostorima<\/li>\n<li>Prikladan za lov, policiju i vojnu upotrebu<\/li>\n<\/ul>\n<p>Super MCX SSA kombinira performanse, pouzdanost, sigurnost i svestranost, \u010dine\u0107i ga pogodnim okida\u010dem za va\u0161e vatreno oru\u017eje.<\/p>\n<\/div>\n","protected":false},"excerpt":{"rendered":"<p>Visoko u\u010dinkoviti dvostupanjski okida\u010d za preciznost i CQB (blisku borbu). Sila okidanja 2 kg.<\/p>\n","protected":false},"featured_media":62350,"template":"","meta":{"_acf_changed":false},"product_brand":[11375],"product_cat":[13506,13569,13518],"product_tag":[],"class_list":{"0":"post-62349","1":"product","2":"type-product","3":"status-publish","4":"has-post-thumbnail","6":"product_brand-geissele","7":"product_cat-obaraci","8":"product_cat-puska","9":"product_cat-rifle-tuning","11":"first","12":"instock","13":"taxable","14":"shipping-taxable","15":"product-type-simple"},"acf":[],"_links":{"self":[{"href":"https:\/\/staging.nbg.eu\/hr\/wp-json\/wp\/v2\/product\/62349","targetHints":{"allow":["GET"]}}],"collection":[{"href":"https:\/\/staging.nbg.eu\/hr\/wp-json\/wp\/v2\/product"}],"about":[{"href":"https:\/\/staging.nbg.eu\/hr\/wp-json\/wp\/v2\/types\/product"}],"wp:featuredmedia":[{"embeddable":true,"href":"https:\/\/staging.nbg.eu\/hr\/wp-json\/wp\/v2\/media\/62350"}],"wp:attachment":[{"href":"https:\/\/staging.nbg.eu\/hr\/wp-json\/wp\/v2\/media?parent=62349"}],"wp:term":[{"taxonomy":"product_brand","embeddable":true,"href":"https:\/\/staging.nbg.eu\/hr\/wp-json\/wp\/v2\/product_brand?post=62349"},{"taxonomy":"product_cat","embeddable":true,"href":"https:\/\/staging.nbg.eu\/hr\/wp-json\/wp\/v2\/product_cat?post=62349"},{"taxonomy":"product_tag","embeddable":true,"href":"https:\/\/staging.nbg.eu\/hr\/wp-json\/wp\/v2\/product_tag?post=62349"}],"curies":[{"name":"wp","href":"https:\/\/api.w.org\/{rel}","templated":true}]}}