{"id":62325,"date":"2024-02-14T07:09:17","date_gmt":"2024-09-16T11:47:11","guid":{"rendered":"https:\/\/staging.nbg.eu\/product\/geissele-super-semi-automatic-ssa-trigger\/"},"modified":"2024-09-16T11:47:49","modified_gmt":"2024-09-16T11:47:49","slug":"geissele-super-polu-automatski-ssa-okidac","status":"publish","type":"product","link":"https:\/\/staging.nbg.eu\/hr\/proizvod\/geissele-super-polu-automatski-ssa-okidac\/","title":{"rendered":"Geissele Super Polu-Automatski (SSA\u00ae) Okida\u010d"},"content":{"rendered":"<h2>Geissele Super Poluautomatski (SSA\u00ae) Okida\u010d<\/h2>\n<p>Geissele SSA\u00ae okida\u010d je poluautomatska adaptacija Super Select-Fire okida\u010da. Ovaj nepodesivi okida\u010d s dva stupnja nudi:<\/p>\n<ul>\n<li>Preciznost za to\u010dne pucnje<\/li>\n<li>Prilagodljivost za borbu na kratkim udaljenostima<\/li>\n<li>Sigurnosnu certifikaciju od Crane Naval Surface Warfare Center-a<\/li>\n<li>Prikladnost za policiju i dinami\u010dna okru\u017eenja<\/li>\n<\/ul>\n<p>SSA\u00ae dizajn omogu\u0107uje lagan dodir za preciznost na velike udaljenosti, uz zadr\u017eavanje tolerancije potrebne za situacije brzog pucanja. Za rad s karabinom na srednjim udaljenostima ili u stresnim scenarijima, Geissele SSA\u00ae okida\u010d pru\u017ea dosljedne performanse.<\/p>\n<p>Ovaj okida\u010d pobolj\u0161ava mogu\u0107nosti va\u0161eg vatrenog oru\u017eja.<\/p>\n","protected":false},"excerpt":{"rendered":"<p>Precizni okida\u010d u dva stupnja za svestrano i to\u010dno pucanje.<\/p>\n","protected":false},"featured_media":62224,"template":"","meta":{"_acf_changed":false},"product_brand":[11375],"product_cat":[13506,13569,13518],"product_tag":[],"class_list":{"0":"post-62325","1":"product","2":"type-product","3":"status-publish","4":"has-post-thumbnail","6":"product_brand-geissele","7":"product_cat-obaraci","8":"product_cat-puska","9":"product_cat-rifle-tuning","11":"first","12":"instock","13":"taxable","14":"shipping-taxable","15":"product-type-simple"},"acf":[],"_links":{"self":[{"href":"https:\/\/staging.nbg.eu\/hr\/wp-json\/wp\/v2\/product\/62325","targetHints":{"allow":["GET"]}}],"collection":[{"href":"https:\/\/staging.nbg.eu\/hr\/wp-json\/wp\/v2\/product"}],"about":[{"href":"https:\/\/staging.nbg.eu\/hr\/wp-json\/wp\/v2\/types\/product"}],"wp:featuredmedia":[{"embeddable":true,"href":"https:\/\/staging.nbg.eu\/hr\/wp-json\/wp\/v2\/media\/62224"}],"wp:attachment":[{"href":"https:\/\/staging.nbg.eu\/hr\/wp-json\/wp\/v2\/media?parent=62325"}],"wp:term":[{"taxonomy":"product_brand","embeddable":true,"href":"https:\/\/staging.nbg.eu\/hr\/wp-json\/wp\/v2\/product_brand?post=62325"},{"taxonomy":"product_cat","embeddable":true,"href":"https:\/\/staging.nbg.eu\/hr\/wp-json\/wp\/v2\/product_cat?post=62325"},{"taxonomy":"product_tag","embeddable":true,"href":"https:\/\/staging.nbg.eu\/hr\/wp-json\/wp\/v2\/product_tag?post=62325"}],"curies":[{"name":"wp","href":"https:\/\/api.w.org\/{rel}","templated":true}]}}