{"id":62223,"date":"2024-02-14T07:22:04","date_gmt":"2024-02-14T07:22:04","guid":{"rendered":"https:\/\/staging.nbg.eu\/product\/geissele-super-semi-automatic-enhanced-ssa-e-trigger\/"},"modified":"2024-09-16T11:44:40","modified_gmt":"2024-09-16T11:44:40","slug":"geissele-super-polu-automatski-poboljsani-ssa-e-okidac","status":"publish","type":"product","link":"https:\/\/staging.nbg.eu\/hr\/proizvod\/geissele-super-polu-automatski-poboljsani-ssa-e-okidac\/","title":{"rendered":"Geissele Super Polu-Automatski Pobolj\u0161ani (SSA-E\u2122) Okida\u010d"},"content":{"rendered":"<div class=\"product-description\">\n<h2>Geissele Super Semi-Automatski Pobolj\u0161ani (SSA-E\u2122) Okida\u010d<\/h2>\n<p>Geissele SSA-E\u2122 okida\u010d, baziran na SSA\u00ae modelu, je dvostupanjski okida\u010d koji nudi:<\/p>\n<ul>\n<li>Smanjenu te\u017einu povla\u010denja za lak\u0161e rukovanje<\/li>\n<li>Lako povla\u010denje prvog stupnja<\/li>\n<li>Jasan prekid drugog stupnja<\/li>\n<li>Pouzdanost dokazanu u borbi<\/li>\n<li>Nepodesiv dizajn za jednostavnu ugradnju<\/li>\n<\/ul>\n<p>Pogodan za precizne pu\u0161ke za ozna\u010dene strijelce u odredu, SSA-E\u2122 pru\u017ea bolju kontrolu okida\u010da i preciznost oru\u017eja. Razvijen iz na\u0161eg okida\u010da za automatsku paljbu koji koriste Specijalne operacije SAD-a, ova poluautomatska verzija osigurava visoku u\u010dinkovitost gdje je pouzdanost klju\u010dna.<\/p>\n<\/div>\n","protected":false},"excerpt":{"rendered":"<p>Pobolj\u0161ani okida\u010d preciznosti za strijelce: glatko povla\u010denje, o\u0161tro okidanje.<\/p>\n","protected":false},"featured_media":62224,"template":"","meta":{"_acf_changed":false},"product_brand":[11375],"product_cat":[13506,13569,13518],"product_tag":[],"class_list":{"0":"post-62223","1":"product","2":"type-product","3":"status-publish","4":"has-post-thumbnail","6":"product_brand-geissele","7":"product_cat-obaraci","8":"product_cat-puska","9":"product_cat-rifle-tuning","11":"first","12":"instock","13":"taxable","14":"shipping-taxable","15":"product-type-simple"},"acf":[],"_links":{"self":[{"href":"https:\/\/staging.nbg.eu\/hr\/wp-json\/wp\/v2\/product\/62223","targetHints":{"allow":["GET"]}}],"collection":[{"href":"https:\/\/staging.nbg.eu\/hr\/wp-json\/wp\/v2\/product"}],"about":[{"href":"https:\/\/staging.nbg.eu\/hr\/wp-json\/wp\/v2\/types\/product"}],"wp:featuredmedia":[{"embeddable":true,"href":"https:\/\/staging.nbg.eu\/hr\/wp-json\/wp\/v2\/media\/62224"}],"wp:attachment":[{"href":"https:\/\/staging.nbg.eu\/hr\/wp-json\/wp\/v2\/media?parent=62223"}],"wp:term":[{"taxonomy":"product_brand","embeddable":true,"href":"https:\/\/staging.nbg.eu\/hr\/wp-json\/wp\/v2\/product_brand?post=62223"},{"taxonomy":"product_cat","embeddable":true,"href":"https:\/\/staging.nbg.eu\/hr\/wp-json\/wp\/v2\/product_cat?post=62223"},{"taxonomy":"product_tag","embeddable":true,"href":"https:\/\/staging.nbg.eu\/hr\/wp-json\/wp\/v2\/product_tag?post=62223"}],"curies":[{"name":"wp","href":"https:\/\/api.w.org\/{rel}","templated":true}]}}