{"id":62081,"date":"2024-02-14T07:32:28","date_gmt":"2024-09-16T11:41:18","guid":{"rendered":"https:\/\/staging.nbg.eu\/product\/geissele-ssa-x-trigger-with-lightning-bow\/"},"modified":"2024-09-16T11:41:57","modified_gmt":"2024-09-16T11:41:57","slug":"geissele-ssa-x-okidac-sa-lightning-bow","status":"publish","type":"product","link":"https:\/\/staging.nbg.eu\/hr\/proizvod\/geissele-ssa-x-okidac-sa-lightning-bow\/","title":{"rendered":"Geissele SSA X Okida\u010d sa Lightning Bow\u00ae"},"content":{"rendered":"<div class=\"product-description\">\n<h2>Geissele SSA X okida\u010d s Lightning Bow\u00ae tehnologijom<\/h2>\n<p>SSA-X s Lightning Bow\u00ae tehnologijom nudi sljede\u0107e zna\u010dajke:<\/p>\n<ul>\n<li>Polu-zakrivljeni profil \u0161irokog tijela<\/li>\n<li>Kombinacija standardnih zakrivljenih AR okida\u010da i ravnih dizajna<\/li>\n<li>Nanoweapon premaz za pobolj\u0161anu otpornost na tro\u0161enje i koroziju<\/li>\n<li>Rad uz minimalno podmazivanje<\/li>\n<\/ul>\n<p>Kao nastavak SSA linije, ovaj okida\u010d za profesionalnu uporabu nudi:<\/p>\n<ul>\n<li>Preciznost za to\u010dne pucnjeve na velike udaljenosti<\/li>\n<li>Prilagodljivost za scenarije borbe na blizinu (CQB)<\/li>\n<\/ul>\n<p>Geissele SSA X okida\u010d pobolj\u0161ava performanse va\u0161eg AR-a.<\/p>\n<\/div>\n","protected":false},"excerpt":{"rendered":"<p>Precizno izra\u0111eni AR okida\u010d s hibridnim lukom za vrhunsku kontrolu i izdr\u017eljivost.<\/p>\n","protected":false},"featured_media":62082,"template":"","meta":{"_acf_changed":false},"product_brand":[11375],"product_cat":[13506,13569,13518],"product_tag":[],"class_list":{"0":"post-62081","1":"product","2":"type-product","3":"status-publish","4":"has-post-thumbnail","6":"product_brand-geissele","7":"product_cat-obaraci","8":"product_cat-puska","9":"product_cat-rifle-tuning","11":"first","12":"instock","13":"taxable","14":"shipping-taxable","15":"product-type-simple"},"acf":[],"_links":{"self":[{"href":"https:\/\/staging.nbg.eu\/hr\/wp-json\/wp\/v2\/product\/62081","targetHints":{"allow":["GET"]}}],"collection":[{"href":"https:\/\/staging.nbg.eu\/hr\/wp-json\/wp\/v2\/product"}],"about":[{"href":"https:\/\/staging.nbg.eu\/hr\/wp-json\/wp\/v2\/types\/product"}],"wp:featuredmedia":[{"embeddable":true,"href":"https:\/\/staging.nbg.eu\/hr\/wp-json\/wp\/v2\/media\/62082"}],"wp:attachment":[{"href":"https:\/\/staging.nbg.eu\/hr\/wp-json\/wp\/v2\/media?parent=62081"}],"wp:term":[{"taxonomy":"product_brand","embeddable":true,"href":"https:\/\/staging.nbg.eu\/hr\/wp-json\/wp\/v2\/product_brand?post=62081"},{"taxonomy":"product_cat","embeddable":true,"href":"https:\/\/staging.nbg.eu\/hr\/wp-json\/wp\/v2\/product_cat?post=62081"},{"taxonomy":"product_tag","embeddable":true,"href":"https:\/\/staging.nbg.eu\/hr\/wp-json\/wp\/v2\/product_tag?post=62081"}],"curies":[{"name":"wp","href":"https:\/\/api.w.org\/{rel}","templated":true}]}}