{"id":62018,"date":"2024-02-14T07:49:55","date_gmt":"2024-09-16T11:38:17","guid":{"rendered":"https:\/\/staging.nbg.eu\/product\/geissele-ssa-e-x-trigger-with-lightning-bow\/"},"modified":"2024-09-16T11:38:56","modified_gmt":"2024-09-16T11:38:56","slug":"geissele-ssa-e-x-okidac-sa-lightning-bow","status":"publish","type":"product","link":"https:\/\/staging.nbg.eu\/hr\/proizvod\/geissele-ssa-e-x-okidac-sa-lightning-bow\/","title":{"rendered":"Geissele SSA-E X Okida\u010d sa Lightning Bow\u00ae"},"content":{"rendered":"<div class=\"product-description\">\n<h2>Geissele SSA-E X okida\u010d s Lightning Bow\u00ae<\/h2>\n<p>SSA-E X\u2122 s Lightning Bow\u00ae ima sljede\u0107e karakteristike:<\/p>\n<ul>\n<li>Polu-zakrivljeni, \u0161iroki profil<\/li>\n<li>Nanoweapon premaz za izdr\u017eljivost<\/li>\n<li>Glatki, lagani prvi stupanj pritiska<\/li>\n<li>O\u0161tar drugi stupanj okidanja<\/li>\n<\/ul>\n<p>Pogodan za precizne pu\u0161ke odre\u0111enih strijelaca, SSA-E X\u2122 pru\u017ea to\u010dnost i pouzdanost. Njegov dizajn kombinira karakteristike zakrivljenih i ravnih okida\u010da, osiguravaju\u0107i dobru izvedbu \u010dak i s minimalnim podmazivanjem.<\/p>\n<\/div>\n","protected":false},"excerpt":{"rendered":"<p>Precizni AR okida\u010d s hibridnim lu\u010dnim dizajnom za vrhunsku kontrolu i preciznost.<\/p>\n","protected":false},"featured_media":62019,"template":"","meta":{"_acf_changed":false},"product_brand":[11375],"product_cat":[13506,13569,13518],"product_tag":[],"class_list":{"0":"post-62018","1":"product","2":"type-product","3":"status-publish","4":"has-post-thumbnail","6":"product_brand-geissele","7":"product_cat-obaraci","8":"product_cat-puska","9":"product_cat-rifle-tuning","11":"first","12":"instock","13":"taxable","14":"shipping-taxable","15":"product-type-simple"},"acf":[],"_links":{"self":[{"href":"https:\/\/staging.nbg.eu\/hr\/wp-json\/wp\/v2\/product\/62018","targetHints":{"allow":["GET"]}}],"collection":[{"href":"https:\/\/staging.nbg.eu\/hr\/wp-json\/wp\/v2\/product"}],"about":[{"href":"https:\/\/staging.nbg.eu\/hr\/wp-json\/wp\/v2\/types\/product"}],"wp:featuredmedia":[{"embeddable":true,"href":"https:\/\/staging.nbg.eu\/hr\/wp-json\/wp\/v2\/media\/62019"}],"wp:attachment":[{"href":"https:\/\/staging.nbg.eu\/hr\/wp-json\/wp\/v2\/media?parent=62018"}],"wp:term":[{"taxonomy":"product_brand","embeddable":true,"href":"https:\/\/staging.nbg.eu\/hr\/wp-json\/wp\/v2\/product_brand?post=62018"},{"taxonomy":"product_cat","embeddable":true,"href":"https:\/\/staging.nbg.eu\/hr\/wp-json\/wp\/v2\/product_cat?post=62018"},{"taxonomy":"product_tag","embeddable":true,"href":"https:\/\/staging.nbg.eu\/hr\/wp-json\/wp\/v2\/product_tag?post=62018"}],"curies":[{"name":"wp","href":"https:\/\/api.w.org\/{rel}","templated":true}]}}