{"id":61954,"date":"2024-02-14T11:11:36","date_gmt":"2024-09-16T11:22:01","guid":{"rendered":"https:\/\/staging.nbg.eu\/product\/geissele-super-dynamic-enhanced-sd-e-trigger\/"},"modified":"2024-09-16T11:22:41","modified_gmt":"2024-09-16T11:22:41","slug":"geissele-super-dynamic-enhanced-sd-e-okidac","status":"publish","type":"product","link":"https:\/\/staging.nbg.eu\/hr\/proizvod\/geissele-super-dynamic-enhanced-sd-e-okidac\/","title":{"rendered":"Geissele Super Dynamic Enhanced (SD-E) Okida\u010d"},"content":{"rendered":"<div class=\"product-description\">\n<h2>Geissele Super Dynamic Enhanced (SD-E) okida\u010d<\/h2>\n<p>Geissele SD-E okida\u010d je dvostupanjski okida\u010d koji uklju\u010duje:<\/p>\n<ul>\n<li>Ravni dizajn poluge okida\u010da<\/li>\n<li>Mehanizam za bolju kontrolu<\/li>\n<li>Pobolj\u0161ana preciznost oru\u017eja<\/li>\n<li>Pouzdanost<\/li>\n<\/ul>\n<p>SD-E je verzija SSA-E okida\u010da s ravnom polugom. Njegov dizajn osigurava:<\/p>\n<ul>\n<li>Precizno okidanje<\/li>\n<li>Dosljednu te\u017einu povla\u010denja<\/li>\n<li>Br\u017ee ponovljene pucnje<\/li>\n<\/ul>\n<p>Geissele SD-E okida\u010d nudi preciznost i u\u010dinkovitost.<\/p>\n<\/div>\n","protected":false},"excerpt":{"rendered":"<p>Precizni ravni dvostruki okida\u010d za pobolj\u0161anu kontrolu i preciznost.<\/p>\n","protected":false},"featured_media":61955,"template":"","meta":{"_acf_changed":false},"product_brand":[11375],"product_cat":[13506,13569,13518],"product_tag":[],"class_list":{"0":"post-61954","1":"product","2":"type-product","3":"status-publish","4":"has-post-thumbnail","6":"product_brand-geissele","7":"product_cat-obaraci","8":"product_cat-puska","9":"product_cat-rifle-tuning","11":"first","12":"instock","13":"taxable","14":"shipping-taxable","15":"product-type-simple"},"acf":[],"_links":{"self":[{"href":"https:\/\/staging.nbg.eu\/hr\/wp-json\/wp\/v2\/product\/61954","targetHints":{"allow":["GET"]}}],"collection":[{"href":"https:\/\/staging.nbg.eu\/hr\/wp-json\/wp\/v2\/product"}],"about":[{"href":"https:\/\/staging.nbg.eu\/hr\/wp-json\/wp\/v2\/types\/product"}],"wp:featuredmedia":[{"embeddable":true,"href":"https:\/\/staging.nbg.eu\/hr\/wp-json\/wp\/v2\/media\/61955"}],"wp:attachment":[{"href":"https:\/\/staging.nbg.eu\/hr\/wp-json\/wp\/v2\/media?parent=61954"}],"wp:term":[{"taxonomy":"product_brand","embeddable":true,"href":"https:\/\/staging.nbg.eu\/hr\/wp-json\/wp\/v2\/product_brand?post=61954"},{"taxonomy":"product_cat","embeddable":true,"href":"https:\/\/staging.nbg.eu\/hr\/wp-json\/wp\/v2\/product_cat?post=61954"},{"taxonomy":"product_tag","embeddable":true,"href":"https:\/\/staging.nbg.eu\/hr\/wp-json\/wp\/v2\/product_tag?post=61954"}],"curies":[{"name":"wp","href":"https:\/\/api.w.org\/{rel}","templated":true}]}}