{"id":61892,"date":"2024-02-14T11:24:38","date_gmt":"2024-09-16T11:18:14","guid":{"rendered":"https:\/\/staging.nbg.eu\/product\/geissele-super-dynamic-3-gun-sd-3g-trigger\/"},"modified":"2024-09-16T11:18:53","modified_gmt":"2024-09-16T11:18:53","slug":"geissele-super-dynamic-3-gun-sd-3g-okidac","status":"publish","type":"product","link":"https:\/\/staging.nbg.eu\/hr\/proizvod\/geissele-super-dynamic-3-gun-sd-3g-okidac\/","title":{"rendered":"Geissele Super Dynamic 3 Gun (SD-3G) Okida\u010d"},"content":{"rendered":"<div class=\"product-description\">\n<h2>Geissele Super Dynamic 3 Gun (SD-3G) okida\u010d<\/h2>\n<p>Geissele SD-3G okida\u010d nudi sljede\u0107e zna\u010dajke:<\/p>\n<ul>\n<li>Ravna poluga okida\u010da za smanjenu percipiranu te\u017einu povla\u010denja<\/li>\n<li>Hibridni dizajn koji kombinira kvalitete jednostupanjskog i dvostupanjskog okida\u010da<\/li>\n<li>Skra\u0107ena duljina povla\u010denja i brzo vra\u0107anje<\/li>\n<li>Pobolj\u0161ana taktilna povratna informacija za bolju kontrolu<\/li>\n<li>Prikladan za 3 Gun natjecateljsko pucanje<\/li>\n<\/ul>\n<p>Pogodan za natjecanja na kratkim stazama koja zahtijevaju brzo ciljanje i brze naknadne hitce. Ne preporu\u010duje se za slu\u017ebenu uporabu, klupsko pucanje ili precizno pucanje.<\/p>\n<p><strong>Napomena:<\/strong> SD-3G pru\u017ea brzinu uz zadr\u017eavanje sigurnosti i robusnosti dvostupanjskog borbenog okida\u010da.<\/p>\n<\/div>\n","protected":false},"excerpt":{"rendered":"<p>Ravni okida\u010d za 3-gun natjecanja: ultra brz, kratkog hoda, brzog resetiranja.<\/p>\n","protected":false},"featured_media":61893,"template":"","meta":{"_acf_changed":false},"product_brand":[11375],"product_cat":[13506,13569,13518],"product_tag":[],"class_list":{"0":"post-61892","1":"product","2":"type-product","3":"status-publish","4":"has-post-thumbnail","6":"product_brand-geissele","7":"product_cat-obaraci","8":"product_cat-puska","9":"product_cat-rifle-tuning","11":"first","12":"outofstock","13":"taxable","14":"shipping-taxable","15":"product-type-simple"},"acf":[],"_links":{"self":[{"href":"https:\/\/staging.nbg.eu\/hr\/wp-json\/wp\/v2\/product\/61892","targetHints":{"allow":["GET"]}}],"collection":[{"href":"https:\/\/staging.nbg.eu\/hr\/wp-json\/wp\/v2\/product"}],"about":[{"href":"https:\/\/staging.nbg.eu\/hr\/wp-json\/wp\/v2\/types\/product"}],"wp:featuredmedia":[{"embeddable":true,"href":"https:\/\/staging.nbg.eu\/hr\/wp-json\/wp\/v2\/media\/61893"}],"wp:attachment":[{"href":"https:\/\/staging.nbg.eu\/hr\/wp-json\/wp\/v2\/media?parent=61892"}],"wp:term":[{"taxonomy":"product_brand","embeddable":true,"href":"https:\/\/staging.nbg.eu\/hr\/wp-json\/wp\/v2\/product_brand?post=61892"},{"taxonomy":"product_cat","embeddable":true,"href":"https:\/\/staging.nbg.eu\/hr\/wp-json\/wp\/v2\/product_cat?post=61892"},{"taxonomy":"product_tag","embeddable":true,"href":"https:\/\/staging.nbg.eu\/hr\/wp-json\/wp\/v2\/product_tag?post=61892"}],"curies":[{"name":"wp","href":"https:\/\/api.w.org\/{rel}","templated":true}]}}