{"id":61830,"date":"2024-02-14T19:46:21","date_gmt":"2024-09-16T11:14:06","guid":{"rendered":"https:\/\/staging.nbg.eu\/product\/geissele-hk-mr-556-trigger\/"},"modified":"2024-09-16T11:14:45","modified_gmt":"2024-09-16T11:14:45","slug":"geissele-hk-mr-556-okidac","status":"publish","type":"product","link":"https:\/\/staging.nbg.eu\/hr\/proizvod\/geissele-hk-mr-556-okidac\/","title":{"rendered":"Geissele HK MR 556 Okida\u010d"},"content":{"rendered":"<h2>Geissele HK MR 556 okida\u010d<\/h2>\n<p>Pobolj\u0161ajte svoj HK 556 ili poluautomatski HK 416 s Geissele HK MR 556 okida\u010dem. Sli\u010dan na\u0161em SSA okida\u010du, ovo pobolj\u0161anje nudi:<\/p>\n<ul>\n<li>Pobolj\u0161anu preciznost<\/li>\n<li>Gla\u0111e povla\u010denje<\/li>\n<li>Br\u017ee uzastopne pucnjeve<\/li>\n<li>Kompatibilnost s HK 556 i poluautomatskim HK 416<\/li>\n<\/ul>\n<p>Pobolj\u0161ajte svoje iskustvo pucanja s Geissele okida\u010dem.<\/p>\n","protected":false},"excerpt":{"rendered":"<p>Precizni okida\u010d za HK MR 556\/416. Performanse sli\u010dne SSA okida\u010du za pobolj\u0161anu preciznost.<\/p>\n","protected":false},"featured_media":61831,"template":"","meta":{"_acf_changed":false},"product_brand":[11375],"product_cat":[13506,13569,13518],"product_tag":[],"class_list":{"0":"post-61830","1":"product","2":"type-product","3":"status-publish","4":"has-post-thumbnail","6":"product_brand-geissele","7":"product_cat-obaraci","8":"product_cat-puska","9":"product_cat-rifle-tuning","11":"first","12":"instock","13":"taxable","14":"shipping-taxable","15":"product-type-simple"},"acf":[],"_links":{"self":[{"href":"https:\/\/staging.nbg.eu\/hr\/wp-json\/wp\/v2\/product\/61830","targetHints":{"allow":["GET"]}}],"collection":[{"href":"https:\/\/staging.nbg.eu\/hr\/wp-json\/wp\/v2\/product"}],"about":[{"href":"https:\/\/staging.nbg.eu\/hr\/wp-json\/wp\/v2\/types\/product"}],"wp:featuredmedia":[{"embeddable":true,"href":"https:\/\/staging.nbg.eu\/hr\/wp-json\/wp\/v2\/media\/61831"}],"wp:attachment":[{"href":"https:\/\/staging.nbg.eu\/hr\/wp-json\/wp\/v2\/media?parent=61830"}],"wp:term":[{"taxonomy":"product_brand","embeddable":true,"href":"https:\/\/staging.nbg.eu\/hr\/wp-json\/wp\/v2\/product_brand?post=61830"},{"taxonomy":"product_cat","embeddable":true,"href":"https:\/\/staging.nbg.eu\/hr\/wp-json\/wp\/v2\/product_cat?post=61830"},{"taxonomy":"product_tag","embeddable":true,"href":"https:\/\/staging.nbg.eu\/hr\/wp-json\/wp\/v2\/product_tag?post=61830"}],"curies":[{"name":"wp","href":"https:\/\/api.w.org\/{rel}","templated":true}]}}