{"id":61421,"date":"2024-02-14T20:12:21","date_gmt":"2024-09-16T10:54:19","guid":{"rendered":"https:\/\/staging.nbg.eu\/product\/geissele-13-5-super-modular-rail-mk16-m-lok\/"},"modified":"2024-09-16T11:02:48","modified_gmt":"2024-09-16T11:02:48","slug":"geissele-135-super-modular-rail-mk16-m-lok","status":"publish","type":"product","link":"https:\/\/staging.nbg.eu\/hr\/proizvod\/geissele-135-super-modular-rail-mk16-m-lok\/","title":{"rendered":"Geissele 13.5&#8243; Super Modular Rail MK16 M-LOK\u00ae"},"content":{"rendered":"<h2 style=\"text-align: center\"><b>13,5&#8243; Super modularni \u0161inski sustav MK16 M-LOK\u00ae<\/b><\/h2>\n<p>Geissele Super modularni \u0161inski sustav MK16 nudi visoku u\u010dinkovitost. Montira se na gornji dio AR-15 pu\u0161ke koriste\u0107i a\u017euriranu verziju Geissele matice cijevi. MK16 je jednostavan za instalaciju i odr\u017eavanje te nudi visoku krutost. Jezi\u010dci protiv rotacije i vijci osiguravaju da se \u0161inski sustav ne\u0107e okretati tijekom uporabe. M<b>1913 picatinny \u0161ina na vrhu i M-LOK\u2122<\/b> utori na svim stranama omogu\u0107uju prilagodbu za dodatnu opremu. Geissele SMR MK16 je precizno izra\u0111en od <b>aluminijske legure serije 7000<\/b> zbog \u010dvrsto\u0107e, krutosti i male te\u017eine, s povr\u0161inskom obradom tvrdog anodiziranja tipa 3.<\/p>\n<p>Super modularni \u0161inski sustav 13,5&#8243; (SMR) MK16 M-LOK\u00ae, NSN# 1005-01-672-4794 (13,5&#8243;), <b>usvojen je od strane USASOC-a za URG-I program (Pobolj\u0161ana grupa gornjeg prijemnika)<\/b>.<\/p>\n<p>&nbsp;<\/p>\n<h2 style=\"text-align: center\"><strong>SPECIFIKACIJE<\/strong><\/h2>\n<hr \/>\n<table border=\"1\">\n<tbody>\n<tr>\n<td><strong>VISINA: <\/strong><\/td>\n<td> 2,39&#8243;<\/td>\n<\/tr>\n<tr>\n<td><strong>BOJA: <\/strong><\/td>\n<td> Crna, DDC, Siva, ODG<\/td>\n<\/tr>\n<tr>\n<td><strong>MATERIJAL: <\/strong><\/td>\n<td> Aluminijska legura serije 7000<\/td>\n<\/tr>\n<tr>\n<td><strong>OBRADA: <\/strong><\/td>\n<td> Tvrdo anodiziranje tipa 3<\/td>\n<\/tr>\n<tr>\n<td><strong>DOSTUPNE DU\u017dINE: <\/strong><\/td>\n<td> 9,3&#8243;, 10,5&#8243;, 13,5&#8243;, 15&#8243;<\/td>\n<\/tr>\n<tr>\n<td><strong>UNUTARNJI PROMJER: <\/strong><\/td>\n<td> 1,26&#8243;<\/td>\n<\/tr>\n<tr>\n<td><strong>VANJSKI PROMJER (DAQ*): <\/strong><\/td>\n<td> 1,59&#8243;<\/td>\n<\/tr>\n<tr>\n<td><strong>SMR MK16 9,3&#8243; TE\u017dINA: <\/strong><\/td>\n<td> 10,1 oz (11,74 oz s maticom cijevi)<\/td>\n<\/tr>\n<tr>\n<td><strong>SMR MK16 10,5&#8243; TE\u017dINA: <\/strong><\/td>\n<td> 11 oz (12,6 oz s maticom cijevi)<\/td>\n<\/tr>\n<tr>\n<td><strong>SMR MK16 13,5&#8243; TE\u017dINA: <\/strong><\/td>\n<td> 13,4 oz (14,9 oz s maticom cijevi)<\/td>\n<\/tr>\n<tr>\n<td><strong>SMR MK16 15&#8243; TE\u017dINA: <\/strong><\/td>\n<td> 14,2 oz (15,8 oz s maticom cijevi)<\/td>\n<\/tr>\n<\/tbody>\n<\/table>\n<p><em>*DAQ &#8211; Udaljenost preko kvadranata<\/em><\/p>\n","protected":false},"excerpt":{"rendered":"<p><strong>Nenadma\u0161na izvedba za najzahtjevnije strijelce<\/strong><\/p>\n","protected":false},"featured_media":61422,"template":"","meta":{"_acf_changed":false},"product_brand":[11375],"product_cat":[13566,13569,13518,13517],"product_tag":[],"class_list":{"0":"post-61421","1":"product","2":"type-product","3":"status-publish","4":"has-post-thumbnail","6":"product_brand-geissele","7":"product_cat-karabini","8":"product_cat-puska","9":"product_cat-rifle-tuning","10":"product_cat-tracnice","12":"first","13":"instock","14":"taxable","15":"shipping-taxable","16":"product-type-variable","17":"wvs-archive-product-wrapper"},"acf":[],"_links":{"self":[{"href":"https:\/\/staging.nbg.eu\/hr\/wp-json\/wp\/v2\/product\/61421","targetHints":{"allow":["GET"]}}],"collection":[{"href":"https:\/\/staging.nbg.eu\/hr\/wp-json\/wp\/v2\/product"}],"about":[{"href":"https:\/\/staging.nbg.eu\/hr\/wp-json\/wp\/v2\/types\/product"}],"wp:featuredmedia":[{"embeddable":true,"href":"https:\/\/staging.nbg.eu\/hr\/wp-json\/wp\/v2\/media\/61422"}],"wp:attachment":[{"href":"https:\/\/staging.nbg.eu\/hr\/wp-json\/wp\/v2\/media?parent=61421"}],"wp:term":[{"taxonomy":"product_brand","embeddable":true,"href":"https:\/\/staging.nbg.eu\/hr\/wp-json\/wp\/v2\/product_brand?post=61421"},{"taxonomy":"product_cat","embeddable":true,"href":"https:\/\/staging.nbg.eu\/hr\/wp-json\/wp\/v2\/product_cat?post=61421"},{"taxonomy":"product_tag","embeddable":true,"href":"https:\/\/staging.nbg.eu\/hr\/wp-json\/wp\/v2\/product_tag?post=61421"}],"curies":[{"name":"wp","href":"https:\/\/api.w.org\/{rel}","templated":true}]}}