{"id":60890,"date":"2024-02-14T20:33:29","date_gmt":"2024-09-16T10:39:59","guid":{"rendered":"https:\/\/staging.nbg.eu\/product\/geissele-16-super-modular-rail-mk18-m-lok\/"},"modified":"2024-09-16T10:40:48","modified_gmt":"2024-09-16T10:40:48","slug":"geissele-16-super-modular-rail-mk18-m-lok","status":"publish","type":"product","link":"https:\/\/staging.nbg.eu\/hr\/proizvod\/geissele-16-super-modular-rail-mk18-m-lok\/","title":{"rendered":"Geissele 16&#8243; Super Modular Rail MK18 M-LOK\u00ae"},"content":{"rendered":"<h2 style=\"text-align: center\"><b>16&#8243; Super modularni dr\u017ea\u010d MK18 M-LOK\u00ae<\/b><\/h2>\n<p>MK18 je najnoviji u nizu Geissele Super modularnih dr\u017ea\u010da i posebno je izra\u0111en za povezivanje s <b>Arca-Swiss sustavom brzog otpu\u0161tanja<\/b>. Ovaj novi rukohvat temelji se na MK16 M-LOK Super modularnom dr\u017ea\u010du, nude\u0107i mali promjer i ukupnu visinu. Ravna baza MK18 ima &#8220;Arca-Style&#8221; oblik \u0161irine 35 mm s nagibom od 45 stupnjeva, \u0161to omogu\u0107uje brzo montiranje na Arca-Swiss bazu za brzo otpu\u0161tanje. MK18 sadr\u017ei Geisseleovu <b>vlasni\u010dku maticu cijevi du\u017eine 2,25 in\u010da<\/b>. MK18 du\u017eine 16 in\u010da je 3D precizno obra\u0111en koriste\u0107i aluminij serije 7000.<\/p>\n<p>Kori\u0161tenjem <b>Magpulove M-LOK tehnologije na glavna 3 kvadranta<\/b> (lijevo, desno i dolje), kao i na gornjih 45\u00b0, MK18 pru\u017ea mogu\u0107nost prilagodbe. MK18 Super modularni dr\u017ea\u010d je <b>zavr\u0161no obra\u0111en izdr\u017eljivom i dugotrajnom anodizacijom tipa 3<\/b> dostupnom u crnoj ili Geisseleovoj DDC zavr\u0161noj obradi.<\/p>\n<p>Geissele Super modularni dr\u017ea\u010d MK18 je <b>kompatibilan s pu\u0161kama AR15 vojnog standarda.<\/b><\/p>\n<h2 style=\"text-align: center\"><strong>SPECIFIKACIJE<\/strong><\/h2>\n<hr \/>\n<table border=\"1\">\n<tbody>\n<tr>\n<td><strong>VISINA: <\/strong><\/td>\n<td> 2,08<\/td>\n<\/tr>\n<tr>\n<td><strong>BOJA: <\/strong><\/td>\n<td> DDC \/ Crna<\/td>\n<\/tr>\n<tr>\n<td><strong>MATERIJAL: <\/strong><\/td>\n<td> Aluminij serije 7000<\/td>\n<\/tr>\n<tr>\n<td><strong>ZAVR\u0160NA OBRADA: <\/strong><\/td>\n<td> Anodizacija tipa 3<\/td>\n<\/tr>\n<tr>\n<td><strong>DU\u017dINA: <\/strong><\/td>\n<td> 16,5&#8243;<\/td>\n<\/tr>\n<tr>\n<td><strong>UNUTARNJI PROMJER: <\/strong><\/td>\n<td> 1,26&#8243;<\/td>\n<\/tr>\n<tr>\n<td><strong>VANJSKI PROMJER (DAK*): <\/strong><\/td>\n<td> 1,59&#8243;<\/td>\n<\/tr>\n<tr>\n<td><strong>TE\u017dINA SMR MK18: <\/strong><\/td>\n<td> 17 oz (18,4 oz s maticom cijevi)<\/td>\n<\/tr>\n<\/tbody>\n<\/table>\n<p>&nbsp;<\/p>\n<p><em>*DAK &#8211; Duljina Across Kvadranata<\/em><\/p>\n","protected":false},"excerpt":{"rendered":"<p><strong>Izra\u0111eno za su\u010delje s Arca-Swiss sustavom za brzo otpu\u0161tanje<\/strong><\/p>\n","protected":false},"featured_media":60891,"template":"","meta":{"_acf_changed":false},"product_brand":[11375],"product_cat":[13566,13569,13518,13517],"product_tag":[],"class_list":{"0":"post-60890","1":"product","2":"type-product","3":"status-publish","4":"has-post-thumbnail","6":"product_brand-geissele","7":"product_cat-karabini","8":"product_cat-puska","9":"product_cat-rifle-tuning","10":"product_cat-tracnice","12":"first","13":"outofstock","14":"taxable","15":"shipping-taxable","16":"product-type-variable","17":"wvs-archive-product-wrapper"},"acf":[],"_links":{"self":[{"href":"https:\/\/staging.nbg.eu\/hr\/wp-json\/wp\/v2\/product\/60890","targetHints":{"allow":["GET"]}}],"collection":[{"href":"https:\/\/staging.nbg.eu\/hr\/wp-json\/wp\/v2\/product"}],"about":[{"href":"https:\/\/staging.nbg.eu\/hr\/wp-json\/wp\/v2\/types\/product"}],"wp:featuredmedia":[{"embeddable":true,"href":"https:\/\/staging.nbg.eu\/hr\/wp-json\/wp\/v2\/media\/60891"}],"wp:attachment":[{"href":"https:\/\/staging.nbg.eu\/hr\/wp-json\/wp\/v2\/media?parent=60890"}],"wp:term":[{"taxonomy":"product_brand","embeddable":true,"href":"https:\/\/staging.nbg.eu\/hr\/wp-json\/wp\/v2\/product_brand?post=60890"},{"taxonomy":"product_cat","embeddable":true,"href":"https:\/\/staging.nbg.eu\/hr\/wp-json\/wp\/v2\/product_cat?post=60890"},{"taxonomy":"product_tag","embeddable":true,"href":"https:\/\/staging.nbg.eu\/hr\/wp-json\/wp\/v2\/product_tag?post=60890"}],"curies":[{"name":"wp","href":"https:\/\/api.w.org\/{rel}","templated":true}]}}