{"id":60385,"date":"2024-02-15T07:17:14","date_gmt":"2024-02-15T07:17:14","guid":{"rendered":"https:\/\/staging.nbg.eu\/product\/geissele-super-42-rifle-length-spring\/"},"modified":"2024-09-13T16:16:12","modified_gmt":"2024-09-13T16:16:12","slug":"geissele-super-42-opruga-puscane-duzine","status":"publish","type":"product","link":"https:\/\/staging.nbg.eu\/hr\/proizvod\/geissele-super-42-opruga-puscane-duzine\/","title":{"rendered":"Geissele Super 42 Opruga Pu\u0161\u010dane Du\u017eine"},"content":{"rendered":"<p>\nPobolj\u0161ajte performanse va\u0161eg M-16\/AR-15 s Geissele Super 42 oprugom pu\u0161ke duljine. Njezin dizajn s tri \u017eice djeluje kao prigu\u0161iva\u010d harmonika, apsorbiraju\u0107i energiju i smanjuju\u0107i kvar opruge. Pru\u017ea pobolj\u0161anu pouzdanost, smanjeni zvuk &#8220;zujanja&#8221; i kompatibilnost sa standardnim puferima i cijevima pu\u0161ke. Kompatibilno s pu\u0161kom standardne duljine.<\/p>\n","protected":false},"excerpt":{"rendered":"<p>Pobolj\u0161ajte performanse AR-15 s inovativnom Geisseleovom oprugom s 3 niti.<\/p>\n","protected":false},"featured_media":60386,"template":"","meta":{"_acf_changed":false},"product_brand":[11375],"product_cat":[13569,13518],"product_tag":[],"class_list":{"0":"post-60385","1":"product","2":"type-product","3":"status-publish","4":"has-post-thumbnail","6":"product_brand-geissele","7":"product_cat-puska","8":"product_cat-rifle-tuning","10":"first","11":"instock","12":"taxable","13":"shipping-taxable","14":"product-type-simple"},"acf":[],"_links":{"self":[{"href":"https:\/\/staging.nbg.eu\/hr\/wp-json\/wp\/v2\/product\/60385","targetHints":{"allow":["GET"]}}],"collection":[{"href":"https:\/\/staging.nbg.eu\/hr\/wp-json\/wp\/v2\/product"}],"about":[{"href":"https:\/\/staging.nbg.eu\/hr\/wp-json\/wp\/v2\/types\/product"}],"wp:featuredmedia":[{"embeddable":true,"href":"https:\/\/staging.nbg.eu\/hr\/wp-json\/wp\/v2\/media\/60386"}],"wp:attachment":[{"href":"https:\/\/staging.nbg.eu\/hr\/wp-json\/wp\/v2\/media?parent=60385"}],"wp:term":[{"taxonomy":"product_brand","embeddable":true,"href":"https:\/\/staging.nbg.eu\/hr\/wp-json\/wp\/v2\/product_brand?post=60385"},{"taxonomy":"product_cat","embeddable":true,"href":"https:\/\/staging.nbg.eu\/hr\/wp-json\/wp\/v2\/product_cat?post=60385"},{"taxonomy":"product_tag","embeddable":true,"href":"https:\/\/staging.nbg.eu\/hr\/wp-json\/wp\/v2\/product_tag?post=60385"}],"curies":[{"name":"wp","href":"https:\/\/api.w.org\/{rel}","templated":true}]}}