{"id":60161,"date":"2024-02-15T07:27:09","date_gmt":"2024-09-13T16:10:39","guid":{"rendered":"https:\/\/staging.nbg.eu\/product\/geissele-super-charging-handle-sch-5-56\/"},"modified":"2024-09-13T16:11:24","modified_gmt":"2024-09-13T16:11:24","slug":"geissele-super-rucica-punjenja-sch-556","status":"publish","type":"product","link":"https:\/\/staging.nbg.eu\/hr\/proizvod\/geissele-super-rucica-punjenja-sch-556\/","title":{"rendered":"Geissele Super ru\u010dica punjenja (SCH) 5.56"},"content":{"rendered":"<div class=\"product-description\">\n<h2>Geissele Super Ru\u010dica za punjenje (SCH\u00ae) 5.56<\/h2>\n<p>Precizno izra\u0111ena od 7075-T6 aluminija, ova ambideksterna ru\u010dica za punjenje ima sljede\u0107e zna\u010dajke:<\/p>\n<ul>\n<li>Dvostruko oblikovane poluge s nazubljenim rukohvatom<\/li>\n<li>Pobolj\u0161ano ubla\u017eavanje plina za prigu\u0161ene sustave<\/li>\n<li>Tip 3 tvrdo anodizirani zavr\u0161ni sloj<\/li>\n<li>Dostupno u crnoj i DDC boji<\/li>\n<\/ul>\n<p>Pobolj\u0161ajte performanse va\u0161eg AR-15 s boljom ergonomijom i izdr\u017eljivo\u0161\u0107u.<\/p>\n<\/div>\n","protected":false},"excerpt":{"rendered":"<p>Ambideksterna ru\u010dica za punjenje od 7075-T6 aluminija. Dizajn koji ubla\u017eava plinove.<\/p>\n","protected":false},"featured_media":60162,"template":"","meta":{"_acf_changed":false},"product_brand":[11375],"product_cat":[13569,13518,13524],"product_tag":[],"class_list":{"0":"post-60161","1":"product","2":"type-product","3":"status-publish","4":"has-post-thumbnail","6":"product_brand-geissele","7":"product_cat-puska","8":"product_cat-rifle-tuning","9":"product_cat-rucice-za-punjenje","11":"first","12":"instock","13":"taxable","14":"shipping-taxable","15":"product-type-variable","16":"wvs-archive-product-wrapper"},"acf":[],"_links":{"self":[{"href":"https:\/\/staging.nbg.eu\/hr\/wp-json\/wp\/v2\/product\/60161","targetHints":{"allow":["GET"]}}],"collection":[{"href":"https:\/\/staging.nbg.eu\/hr\/wp-json\/wp\/v2\/product"}],"about":[{"href":"https:\/\/staging.nbg.eu\/hr\/wp-json\/wp\/v2\/types\/product"}],"wp:featuredmedia":[{"embeddable":true,"href":"https:\/\/staging.nbg.eu\/hr\/wp-json\/wp\/v2\/media\/60162"}],"wp:attachment":[{"href":"https:\/\/staging.nbg.eu\/hr\/wp-json\/wp\/v2\/media?parent=60161"}],"wp:term":[{"taxonomy":"product_brand","embeddable":true,"href":"https:\/\/staging.nbg.eu\/hr\/wp-json\/wp\/v2\/product_brand?post=60161"},{"taxonomy":"product_cat","embeddable":true,"href":"https:\/\/staging.nbg.eu\/hr\/wp-json\/wp\/v2\/product_cat?post=60161"},{"taxonomy":"product_tag","embeddable":true,"href":"https:\/\/staging.nbg.eu\/hr\/wp-json\/wp\/v2\/product_tag?post=60161"}],"curies":[{"name":"wp","href":"https:\/\/api.w.org\/{rel}","templated":true}]}}