{"id":59935,"date":"2024-02-15T07:54:43","date_gmt":"2024-09-13T16:09:01","guid":{"rendered":"https:\/\/staging.nbg.eu\/product\/geissele-super-charging-handle-sch-7-62\/"},"modified":"2024-09-13T16:09:45","modified_gmt":"2024-09-13T16:09:45","slug":"geissele-super-rucica-punjenja-sch-762","status":"publish","type":"product","link":"https:\/\/staging.nbg.eu\/hr\/proizvod\/geissele-super-rucica-punjenja-sch-762\/","title":{"rendered":"Geissele Super ru\u010dica punjenja (SCH) 7.62"},"content":{"rendered":"<div class=\"product-description\">\n<h2>Geissele ru\u010dka za punjenje (SCH\u00ae) 7.62<\/h2>\n<p>SCH\u00ae 7.62 je ambideksterna ru\u010dka za punjenje izra\u0111ena od aluminija 7075-T6. Ima dvostruke poluge s hrapavom povr\u0161inom za bolji hvat. Povi\u0161eni stra\u017enji rub smanjuje povrat plina. Anodizirana je za izdr\u017eljivost, dostupna u crnoj i pustinjskoj boji.<\/p>\n<p>Kompatibilna s ve\u0107inom SR25, DPMS\/LR308 i AR10 modela oru\u017eja. Provjerite kompatibilnost s proizvo\u0111a\u010dem va\u0161eg oru\u017eja prije ugradnje.<\/p>\n<p><strong>Nije kompatibilna s:<\/strong> HK 762, Colt 901, DPMS GII, Adams Arms .308 Patrol Rifle, Daniel Defense DD5, Sig 716, BPM Long Range Marksman .308, Smith &amp; Wesson MP-10, Bushmaster BAR-10, Rock River Arms LAR-8.<\/p>\n<\/div>\n","protected":false},"excerpt":{"rendered":"<p>Ambidekstralna ru\u010dica za punjenje od 7075-T6 aluminija za pu\u0161ke kalibra 7,62.<\/p>\n","protected":false},"featured_media":59936,"template":"","meta":{"_acf_changed":false},"product_brand":[11375],"product_cat":[13569,13518,13524],"product_tag":[],"class_list":{"0":"post-59935","1":"product","2":"type-product","3":"status-publish","4":"has-post-thumbnail","6":"product_brand-geissele","7":"product_cat-puska","8":"product_cat-rifle-tuning","9":"product_cat-rucice-za-punjenje","11":"first","12":"instock","13":"taxable","14":"shipping-taxable","15":"product-type-variable","16":"wvs-archive-product-wrapper"},"acf":[],"_links":{"self":[{"href":"https:\/\/staging.nbg.eu\/hr\/wp-json\/wp\/v2\/product\/59935","targetHints":{"allow":["GET"]}}],"collection":[{"href":"https:\/\/staging.nbg.eu\/hr\/wp-json\/wp\/v2\/product"}],"about":[{"href":"https:\/\/staging.nbg.eu\/hr\/wp-json\/wp\/v2\/types\/product"}],"wp:featuredmedia":[{"embeddable":true,"href":"https:\/\/staging.nbg.eu\/hr\/wp-json\/wp\/v2\/media\/59936"}],"wp:attachment":[{"href":"https:\/\/staging.nbg.eu\/hr\/wp-json\/wp\/v2\/media?parent=59935"}],"wp:term":[{"taxonomy":"product_brand","embeddable":true,"href":"https:\/\/staging.nbg.eu\/hr\/wp-json\/wp\/v2\/product_brand?post=59935"},{"taxonomy":"product_cat","embeddable":true,"href":"https:\/\/staging.nbg.eu\/hr\/wp-json\/wp\/v2\/product_cat?post=59935"},{"taxonomy":"product_tag","embeddable":true,"href":"https:\/\/staging.nbg.eu\/hr\/wp-json\/wp\/v2\/product_tag?post=59935"}],"curies":[{"name":"wp","href":"https:\/\/api.w.org\/{rel}","templated":true}]}}