{"id":59831,"date":"2024-02-15T10:31:20","date_gmt":"2024-09-13T16:05:23","guid":{"rendered":"https:\/\/staging.nbg.eu\/product\/geissele-super-configurable-safety-selector-black\/"},"modified":"2024-09-13T16:06:01","modified_gmt":"2024-09-13T16:06:01","slug":"geissele-super-podesivi-sigurnosni-prekidac-crni","status":"publish","type":"product","link":"https:\/\/staging.nbg.eu\/hr\/proizvod\/geissele-super-podesivi-sigurnosni-prekidac-crni\/","title":{"rendered":"Geissele Super podesivi sigurnosni prekida\u010d &#8211; Crni"},"content":{"rendered":"<div class=\"product-description\">\n<h2>Geissele Podesivi Sigurnosni Selektor &#8211; Crni<\/h2>\n<p>Ovaj obostrani sigurnosni selektor ima zamjenjive poluge za prilago\u0111enu udobnost i rukovanje. Dizajn s oprugom sprje\u010dava gubitak tijekom \u010di\u0161\u0107enja. Cijev od nehr\u0111aju\u0107eg \u010delika otporna je na koroziju. Pobolj\u0161ava sigurnost i upotrebljivost va\u0161eg vatrenog oru\u017eja.<\/p>\n<\/div>\n","protected":false},"excerpt":{"rendered":"<p>Ambideksterna, podesiva sigurnosna poluga za AR-15. Izdr\u017eljivi \u010delik.<\/p>\n","protected":false},"featured_media":59832,"template":"","meta":{"_acf_changed":false},"product_brand":[11375],"product_cat":[13569,13518],"product_tag":[],"class_list":{"0":"post-59831","1":"product","2":"type-product","3":"status-publish","4":"has-post-thumbnail","6":"product_brand-geissele","7":"product_cat-puska","8":"product_cat-rifle-tuning","10":"first","11":"instock","12":"taxable","13":"shipping-taxable","14":"product-type-simple"},"acf":[],"_links":{"self":[{"href":"https:\/\/staging.nbg.eu\/hr\/wp-json\/wp\/v2\/product\/59831","targetHints":{"allow":["GET"]}}],"collection":[{"href":"https:\/\/staging.nbg.eu\/hr\/wp-json\/wp\/v2\/product"}],"about":[{"href":"https:\/\/staging.nbg.eu\/hr\/wp-json\/wp\/v2\/types\/product"}],"wp:featuredmedia":[{"embeddable":true,"href":"https:\/\/staging.nbg.eu\/hr\/wp-json\/wp\/v2\/media\/59832"}],"wp:attachment":[{"href":"https:\/\/staging.nbg.eu\/hr\/wp-json\/wp\/v2\/media?parent=59831"}],"wp:term":[{"taxonomy":"product_brand","embeddable":true,"href":"https:\/\/staging.nbg.eu\/hr\/wp-json\/wp\/v2\/product_brand?post=59831"},{"taxonomy":"product_cat","embeddable":true,"href":"https:\/\/staging.nbg.eu\/hr\/wp-json\/wp\/v2\/product_cat?post=59831"},{"taxonomy":"product_tag","embeddable":true,"href":"https:\/\/staging.nbg.eu\/hr\/wp-json\/wp\/v2\/product_tag?post=59831"}],"curies":[{"name":"wp","href":"https:\/\/api.w.org\/{rel}","templated":true}]}}