{"id":59649,"date":"2024-02-15T10:48:43","date_gmt":"2024-09-13T16:01:44","guid":{"rendered":"https:\/\/staging.nbg.eu\/product\/geissele-maritime-bolt-catch\/"},"modified":"2024-09-13T16:02:23","modified_gmt":"2024-09-13T16:02:23","slug":"geissele-maritime-hvatac-zatvaraca","status":"publish","type":"product","link":"https:\/\/staging.nbg.eu\/hr\/proizvod\/geissele-maritime-hvatac-zatvaraca\/","title":{"rendered":"Geissele Maritime hvata\u010d zatvara\u010da"},"content":{"rendered":"<p>\nGeissele Maritime hvata\u010d zatvara\u010da pobolj\u0161ava funkcionalnost va\u0161eg AR-15:<\/p>\n<ul>\n<li>Kompatibilan s M16\/M4 donjim prijemnicima vojnih specifikacija<\/li>\n<li>Pove\u0107ana povr\u0161ina za lak\u0161e rukovanje<\/li>\n<li>Pro\u0161irene kontrole za ljevake<\/li>\n<li>Hrapava povr\u0161ina za bolji zahvat<\/li>\n<li>Pogodan za kori\u0161tenje s rukavicama ili u uvjetima slabog osvjetljenja<\/li>\n<\/ul>\n<p>Nadogradite svoju pu\u0161ku ovim hvata\u010dem zatvara\u010da.<\/p>\n","protected":false},"excerpt":{"rendered":"<p>Pobolj\u0161ani hvata\u010d zatvara\u010da s ve\u0107om povr\u0161inom za lak\u0161e rukovanje.<\/p>\n","protected":false},"featured_media":59650,"template":"","meta":{"_acf_changed":false},"product_brand":[11375],"product_cat":[13569,13518],"product_tag":[],"class_list":{"0":"post-59649","1":"product","2":"type-product","3":"status-publish","4":"has-post-thumbnail","6":"product_brand-geissele","7":"product_cat-puska","8":"product_cat-rifle-tuning","10":"first","11":"instock","12":"taxable","13":"shipping-taxable","14":"product-type-simple"},"acf":[],"_links":{"self":[{"href":"https:\/\/staging.nbg.eu\/hr\/wp-json\/wp\/v2\/product\/59649","targetHints":{"allow":["GET"]}}],"collection":[{"href":"https:\/\/staging.nbg.eu\/hr\/wp-json\/wp\/v2\/product"}],"about":[{"href":"https:\/\/staging.nbg.eu\/hr\/wp-json\/wp\/v2\/types\/product"}],"wp:featuredmedia":[{"embeddable":true,"href":"https:\/\/staging.nbg.eu\/hr\/wp-json\/wp\/v2\/media\/59650"}],"wp:attachment":[{"href":"https:\/\/staging.nbg.eu\/hr\/wp-json\/wp\/v2\/media?parent=59649"}],"wp:term":[{"taxonomy":"product_brand","embeddable":true,"href":"https:\/\/staging.nbg.eu\/hr\/wp-json\/wp\/v2\/product_brand?post=59649"},{"taxonomy":"product_cat","embeddable":true,"href":"https:\/\/staging.nbg.eu\/hr\/wp-json\/wp\/v2\/product_cat?post=59649"},{"taxonomy":"product_tag","embeddable":true,"href":"https:\/\/staging.nbg.eu\/hr\/wp-json\/wp\/v2\/product_tag?post=59649"}],"curies":[{"name":"wp","href":"https:\/\/api.w.org\/{rel}","templated":true}]}}