{"id":58897,"date":"2024-02-15T11:15:35","date_gmt":"2024-09-13T15:20:02","guid":{"rendered":"https:\/\/staging.nbg.eu\/product\/geissele-rail-panels-black-ddc\/"},"modified":"2024-09-13T15:20:51","modified_gmt":"2024-09-13T15:20:51","slug":"geissele-sinske-ploce-crneddc","status":"publish","type":"product","link":"https:\/\/staging.nbg.eu\/hr\/proizvod\/geissele-sinske-ploce-crneddc\/","title":{"rendered":"Geissele \u0161inske plo\u010de (Crne\/DDC)"},"content":{"rendered":"<div class=\"product-description\">\n<h2>Geissele M-Lok \u0161ine (Crne\/DDC)<\/h2>\n<p>Dodaci za URGI \u0161inu. Zna\u010dajke:<\/p>\n<ul>\n<li>Tekstura za bolji hvat<\/li>\n<li>Izra\u0111ene od polimernog materijala<\/li>\n<li>Izdr\u017eljive pri intenzivnoj upotrebi<\/li>\n<li>Svojstva toplinske za\u0161tite<\/li>\n<li>Dostupne u crnoj i DDC boji<\/li>\n<\/ul>\n<p>Ove \u0161ine pobolj\u0161avaju rukovanje karabinom i \u0161tite ruke.<\/p>\n<\/div>\n","protected":false},"excerpt":{"rendered":"<p>Izdr\u017eljive, teksturirane M-LOK \u0161ine za pobolj\u0161ani hvat i za\u0161titu od topline.<\/p>\n","protected":false},"featured_media":58898,"template":"","meta":{"_acf_changed":false},"product_brand":[11375],"product_cat":[13569,13517],"product_tag":[],"class_list":{"0":"post-58897","1":"product","2":"type-product","3":"status-publish","4":"has-post-thumbnail","6":"product_brand-geissele","7":"product_cat-puska","8":"product_cat-tracnice","10":"first","11":"instock","12":"taxable","13":"shipping-taxable","14":"product-type-variable","15":"wvs-archive-product-wrapper"},"acf":[],"_links":{"self":[{"href":"https:\/\/staging.nbg.eu\/hr\/wp-json\/wp\/v2\/product\/58897","targetHints":{"allow":["GET"]}}],"collection":[{"href":"https:\/\/staging.nbg.eu\/hr\/wp-json\/wp\/v2\/product"}],"about":[{"href":"https:\/\/staging.nbg.eu\/hr\/wp-json\/wp\/v2\/types\/product"}],"wp:featuredmedia":[{"embeddable":true,"href":"https:\/\/staging.nbg.eu\/hr\/wp-json\/wp\/v2\/media\/58898"}],"wp:attachment":[{"href":"https:\/\/staging.nbg.eu\/hr\/wp-json\/wp\/v2\/media?parent=58897"}],"wp:term":[{"taxonomy":"product_brand","embeddable":true,"href":"https:\/\/staging.nbg.eu\/hr\/wp-json\/wp\/v2\/product_brand?post=58897"},{"taxonomy":"product_cat","embeddable":true,"href":"https:\/\/staging.nbg.eu\/hr\/wp-json\/wp\/v2\/product_cat?post=58897"},{"taxonomy":"product_tag","embeddable":true,"href":"https:\/\/staging.nbg.eu\/hr\/wp-json\/wp\/v2\/product_tag?post=58897"}],"curies":[{"name":"wp","href":"https:\/\/api.w.org\/{rel}","templated":true}]}}