{"id":58813,"date":"2024-02-15T19:41:39","date_gmt":"2024-09-13T15:17:14","guid":{"rendered":"https:\/\/staging.nbg.eu\/product\/geissele-super-gas-block-black\/"},"modified":"2024-09-13T15:17:53","modified_gmt":"2024-09-13T15:17:53","slug":"geissele-super-plinski-blok-crni","status":"publish","type":"product","link":"https:\/\/staging.nbg.eu\/hr\/proizvod\/geissele-super-plinski-blok-crni\/","title":{"rendered":"Geissele Super plinski blok &#8211; Crni"},"content":{"rendered":"<div class=\"product-description\">\n<h2>Geissele Super plinski blok &#8211; Crni<\/h2>\n<p>Geissele Super plinski blok je niskoprofilna, precizno izra\u0111ena komponenta dizajnirana za ugradnju ispod ve\u0107ine slobodno plutaju\u0107ih rukohvata. Izra\u0111en je od 17-4 precipitacijski otvrdnutog nehr\u0111aju\u0107eg \u010delika, \u0161to ovom plinskom bloku daje otpornost na koroziju i izdr\u017eljivost.<\/p>\n<ul>\n<li>Izdr\u017eava tisu\u0107e metaka<\/li>\n<li>Uklju\u010duje standardni vijak za pode\u0161avanje i metode &#8220;Bombproof&#8221; instalacije<\/li>\n<li>Zavojni klin u\u010dvr\u0161\u0107uje plinski blok za maksimalnu stabilnost<\/li>\n<li>SS zatik osigurava savr\u0161eno poravnanje s Geissele CHF cijevima<\/li>\n<\/ul>\n<p>Geissele Super plinski blok je dizajniran za pouzdanost i u\u010dinkovitost u svim radnim uvjetima.<\/p>\n<\/div>\n","protected":false},"excerpt":{"rendered":"<p>Niskoprofilni, izdr\u017eljivi plinski blok od nehr\u0111aju\u0107eg \u010delika za AR-15 pu\u0161ke.<\/p>\n","protected":false},"featured_media":58814,"template":"","meta":{"_acf_changed":false},"product_brand":[11375],"product_cat":[13569,13518],"product_tag":[],"class_list":{"0":"post-58813","1":"product","2":"type-product","3":"status-publish","4":"has-post-thumbnail","6":"product_brand-geissele","7":"product_cat-puska","8":"product_cat-rifle-tuning","10":"first","11":"instock","12":"taxable","13":"shipping-taxable","14":"product-type-simple"},"acf":[],"_links":{"self":[{"href":"https:\/\/staging.nbg.eu\/hr\/wp-json\/wp\/v2\/product\/58813","targetHints":{"allow":["GET"]}}],"collection":[{"href":"https:\/\/staging.nbg.eu\/hr\/wp-json\/wp\/v2\/product"}],"about":[{"href":"https:\/\/staging.nbg.eu\/hr\/wp-json\/wp\/v2\/types\/product"}],"wp:featuredmedia":[{"embeddable":true,"href":"https:\/\/staging.nbg.eu\/hr\/wp-json\/wp\/v2\/media\/58814"}],"wp:attachment":[{"href":"https:\/\/staging.nbg.eu\/hr\/wp-json\/wp\/v2\/media?parent=58813"}],"wp:term":[{"taxonomy":"product_brand","embeddable":true,"href":"https:\/\/staging.nbg.eu\/hr\/wp-json\/wp\/v2\/product_brand?post=58813"},{"taxonomy":"product_cat","embeddable":true,"href":"https:\/\/staging.nbg.eu\/hr\/wp-json\/wp\/v2\/product_cat?post=58813"},{"taxonomy":"product_tag","embeddable":true,"href":"https:\/\/staging.nbg.eu\/hr\/wp-json\/wp\/v2\/product_tag?post=58813"}],"curies":[{"name":"wp","href":"https:\/\/api.w.org\/{rel}","templated":true}]}}