{"id":583497,"date":"2025-10-08T23:38:14","date_gmt":"2025-10-08T20:38:14","guid":{"rendered":"https:\/\/staging.nbg.eu\/product\/bipod-harris-s-brm-notch-rotate-6-9\/"},"modified":"2025-10-16T14:45:38","modified_gmt":"2025-10-16T11:45:38","slug":"dvonozhac-harris-s-brm-urez-rotacija-6-9","status":"publish","type":"product","link":"https:\/\/staging.nbg.eu\/hr\/proizvod\/dvonozhac-harris-s-brm-urez-rotacija-6-9\/","title":{"rendered":"Dvonozhac Harris &#8211; S &#8211; BRM Urez Rotacija 6-9&#8243;"},"content":{"rendered":"<div class=\"product-description\">\n<h2>Harris 6&#8243; &#8211; 9&#8243; Okretni Dvono\u017eac s Urezima na Nogama BRM-S<\/h2>\n<p>Harris 6&#8243; &#8211; 9&#8243; Okretni Dvono\u017eac (BRM-S) ima sljede\u0107e zna\u010dajke:<\/p>\n<ul>\n<li>Podesive noge od 6&#8243; do 9&#8243;<\/li>\n<li>Oslonac za dodatnu stabilnost<\/li>\n<li>Mogu\u0107nost okretanja za neravne terene<\/li>\n<li>Urezi na nogama za precizno pode\u0161avanje visine<\/li>\n<\/ul>\n<p>Sa zatvorenom \u0161irinom od 2 3\/4&#8243; i otvorenom \u0161irinom od 7 1\/4&#8243;, ovaj dvono\u017eac te\u017eine 8 oz. pogodan je za razli\u010dite polo\u017eaje pucanja. Harris BRM-S dvono\u017eac je dodatak za lovce i natjecateljske strijelce.<\/p>\n<p>SKU: Harris-BRM-S | UPC: 051156113090 | MPN: S-BRM<\/p>\n<\/div>\n","protected":false},"excerpt":{"rendered":"<p>Podesivi 6-9&#8243; okretni bipod s nazubljenim nogama. Spreman za kori\u0161tenje na strela\u010dkom stolu.<\/p>\n","protected":false},"featured_media":583519,"template":"","meta":{"_acf_changed":false},"product_brand":[12008],"product_cat":[13562],"product_tag":[],"class_list":{"0":"post-583497","1":"product","2":"type-product","3":"status-publish","4":"has-post-thumbnail","6":"product_brand-harris-bipods","7":"product_cat-dvonosci","9":"first","10":"outofstock","11":"taxable","12":"shipping-taxable","13":"purchasable","14":"product-type-simple"},"acf":[],"_links":{"self":[{"href":"https:\/\/staging.nbg.eu\/hr\/wp-json\/wp\/v2\/product\/583497","targetHints":{"allow":["GET"]}}],"collection":[{"href":"https:\/\/staging.nbg.eu\/hr\/wp-json\/wp\/v2\/product"}],"about":[{"href":"https:\/\/staging.nbg.eu\/hr\/wp-json\/wp\/v2\/types\/product"}],"wp:featuredmedia":[{"embeddable":true,"href":"https:\/\/staging.nbg.eu\/hr\/wp-json\/wp\/v2\/media\/583519"}],"wp:attachment":[{"href":"https:\/\/staging.nbg.eu\/hr\/wp-json\/wp\/v2\/media?parent=583497"}],"wp:term":[{"taxonomy":"product_brand","embeddable":true,"href":"https:\/\/staging.nbg.eu\/hr\/wp-json\/wp\/v2\/product_brand?post=583497"},{"taxonomy":"product_cat","embeddable":true,"href":"https:\/\/staging.nbg.eu\/hr\/wp-json\/wp\/v2\/product_cat?post=583497"},{"taxonomy":"product_tag","embeddable":true,"href":"https:\/\/staging.nbg.eu\/hr\/wp-json\/wp\/v2\/product_tag?post=583497"}],"curies":[{"name":"wp","href":"https:\/\/api.w.org\/{rel}","templated":true}]}}