{"id":58257,"date":"2024-02-20T19:05:47","date_gmt":"2024-02-20T19:05:47","guid":{"rendered":"https:\/\/staging.nbg.eu\/product\/grovtec-heavy-duty-push-button-qd-sling-swivel\/"},"modified":"2024-09-13T15:04:37","modified_gmt":"2024-09-13T15:04:37","slug":"grovtec-heavy-duty-qd-rotirajuci-nosac-remena-s-gumbom","status":"publish","type":"product","link":"https:\/\/staging.nbg.eu\/hr\/proizvod\/grovtec-heavy-duty-qd-rotirajuci-nosac-remena-s-gumbom\/","title":{"rendered":"GROVTEC Heavy Duty QD rotiraju\u0107i nosa\u010d remena s gumbom"},"content":{"rendered":"<p>GROVTEC Push Button QD okretni nosa\u010d za remene je dodatak za remene \u0161irine 1-1\/4&#8243;. Ovaj pojedina\u010dno pakirani okretni nosa\u010d ima sljede\u0107e karakteristike:<\/p>\n<ul>\n<li>Testirano na optere\u0107enje do 450 funti<\/li>\n<li>Zavr\u0161na obrada od manganskog fosfata<\/li>\n<li>Mehanizam s gumbom za brzo odvajanje<\/li>\n<li>Izdr\u017eljiva konstrukcija<\/li>\n<\/ul>\n<p>Ovaj okretni nosa\u010d je dodatak za va\u0161e vatreno oru\u017eje.<\/p>\n","protected":false},"excerpt":{"rendered":"<p>\u010cvrsti 1,25&#8243; okretni nosa\u010d remena, testirano do 204 kg, s gumbom za brzo otpu\u0161tanje, mat zavr\u0161na obrada.<\/p>\n","protected":false},"featured_media":58258,"template":"","meta":{"_acf_changed":false},"product_brand":[],"product_cat":[13569,13532],"product_tag":[],"class_list":{"0":"post-58257","1":"product","2":"type-product","3":"status-publish","4":"has-post-thumbnail","6":"product_cat-puska","7":"product_cat-remeni","9":"first","10":"instock","11":"taxable","12":"shipping-taxable","13":"product-type-simple"},"acf":[],"_links":{"self":[{"href":"https:\/\/staging.nbg.eu\/hr\/wp-json\/wp\/v2\/product\/58257","targetHints":{"allow":["GET"]}}],"collection":[{"href":"https:\/\/staging.nbg.eu\/hr\/wp-json\/wp\/v2\/product"}],"about":[{"href":"https:\/\/staging.nbg.eu\/hr\/wp-json\/wp\/v2\/types\/product"}],"wp:featuredmedia":[{"embeddable":true,"href":"https:\/\/staging.nbg.eu\/hr\/wp-json\/wp\/v2\/media\/58258"}],"wp:attachment":[{"href":"https:\/\/staging.nbg.eu\/hr\/wp-json\/wp\/v2\/media?parent=58257"}],"wp:term":[{"taxonomy":"product_brand","embeddable":true,"href":"https:\/\/staging.nbg.eu\/hr\/wp-json\/wp\/v2\/product_brand?post=58257"},{"taxonomy":"product_cat","embeddable":true,"href":"https:\/\/staging.nbg.eu\/hr\/wp-json\/wp\/v2\/product_cat?post=58257"},{"taxonomy":"product_tag","embeddable":true,"href":"https:\/\/staging.nbg.eu\/hr\/wp-json\/wp\/v2\/product_tag?post=58257"}],"curies":[{"name":"wp","href":"https:\/\/api.w.org\/{rel}","templated":true}]}}