{"id":582269,"date":"2025-10-10T18:10:10","date_gmt":"2025-10-10T15:10:10","guid":{"rendered":"https:\/\/staging.nbg.eu\/product\/daa-magnet-inc-screw-and-thermal-nut-for-racer-pouch\/"},"modified":"2025-10-16T13:40:09","modified_gmt":"2025-10-16T10:40:09","slug":"daa-magnet-sa-vijkom-i-termalnom-maticom-za-natjecateljsku-torbicu","status":"publish","type":"product","link":"https:\/\/staging.nbg.eu\/hr\/proizvod\/daa-magnet-sa-vijkom-i-termalnom-maticom-za-natjecateljsku-torbicu\/","title":{"rendered":"DAA Magnet sa vijkom i termalnom maticom za natjecateljsku torbicu"},"content":{"rendered":"<div class=\"product-description\">\n<h2>DAA Magnetski komplet za Single Stack Racer futrole<\/h2>\n<p>Nadogradite va\u0161u DAA Single Stack Racer futrolu ovim magnetskim rje\u0161enjem za monta\u017eu. Na\u0161 komplet uklju\u010duje:<\/p>\n<ul>\n<li>Veliki 42mm N42 magnet<\/li>\n<li>M5 matica s upu\u0161tenom glavom<\/li>\n<li>12mm M5 vijak<\/li>\n<\/ul>\n<p>Ugradnja je brza, koriste\u0107i postoje\u0107u rupu na vanjskoj strani futrole. Za najbolje rezultate:<\/p>\n<ol>\n<li>Odredite i fiksirajte \u017eeljeni kut futrole prije ugradnje<\/li>\n<li>Ugradite magnet koriste\u0107i prilo\u017eeni hardver<\/li>\n<\/ol>\n<p><strong>Napomena:<\/strong> Nakon ugradnje, pristup sredi\u0161njem vijku za monta\u017eu mo\u017ee biti ograni\u010den. Razmotrite izradu prilago\u0111enog 3mm \u0161esterokutnog klju\u010da s kratkim krakom za budu\u0107a pode\u0161avanja.<\/p>\n<p>Ovaj magnetski komplet za monta\u017eu pove\u0107ava svestranost i prakti\u010dnost va\u0161e futrole.<\/p>\n<\/div>\n","protected":false},"excerpt":{"rendered":"<p>Komplet magnetskog nosa\u010da za DAA Single Stack Racer futrole. Jednostavna instalacija.<\/p>\n","protected":false},"featured_media":582324,"template":"","meta":{"_acf_changed":false},"product_brand":[],"product_cat":[13536,13539,13527],"product_tag":[],"class_list":{"0":"post-582269","1":"product","2":"type-product","3":"status-publish","4":"has-post-thumbnail","6":"product_cat-oprema","7":"product_cat-sportski-pojasevi","8":"product_cat-torbice","10":"first","11":"instock","12":"taxable","13":"shipping-taxable","14":"purchasable","15":"product-type-simple"},"acf":[],"_links":{"self":[{"href":"https:\/\/staging.nbg.eu\/hr\/wp-json\/wp\/v2\/product\/582269","targetHints":{"allow":["GET"]}}],"collection":[{"href":"https:\/\/staging.nbg.eu\/hr\/wp-json\/wp\/v2\/product"}],"about":[{"href":"https:\/\/staging.nbg.eu\/hr\/wp-json\/wp\/v2\/types\/product"}],"wp:featuredmedia":[{"embeddable":true,"href":"https:\/\/staging.nbg.eu\/hr\/wp-json\/wp\/v2\/media\/582324"}],"wp:attachment":[{"href":"https:\/\/staging.nbg.eu\/hr\/wp-json\/wp\/v2\/media?parent=582269"}],"wp:term":[{"taxonomy":"product_brand","embeddable":true,"href":"https:\/\/staging.nbg.eu\/hr\/wp-json\/wp\/v2\/product_brand?post=582269"},{"taxonomy":"product_cat","embeddable":true,"href":"https:\/\/staging.nbg.eu\/hr\/wp-json\/wp\/v2\/product_cat?post=582269"},{"taxonomy":"product_tag","embeddable":true,"href":"https:\/\/staging.nbg.eu\/hr\/wp-json\/wp\/v2\/product_tag?post=582269"}],"curies":[{"name":"wp","href":"https:\/\/api.w.org\/{rel}","templated":true}]}}