{"id":581577,"date":"2025-10-10T18:09:59","date_gmt":"2025-10-10T15:09:59","guid":{"rendered":"https:\/\/staging.nbg.eu\/product\/daa-x-ray-polymer-pouch-black\/"},"modified":"2025-10-16T11:21:59","modified_gmt":"2025-10-16T08:21:59","slug":"daa-x-ray-polimer-torbica-crna","status":"publish","type":"product","link":"https:\/\/staging.nbg.eu\/hr\/proizvod\/daa-x-ray-polimer-torbica-crna\/","title":{"rendered":"DAA X-Ray Polimer Torbica &#8211; Crna"},"content":{"rendered":"<h2>DAA X-Ray polimerska torbica &#8211; crna<\/h2>\n<p>DAA X-Ray polimerska torbica za natjecateljske spremnike uklju\u010duje:<\/p>\n<ul>\n<li>Dizajn s izrezima za smanjenje te\u017eine<\/li>\n<li>8 to\u010daka za monta\u017eu za obostranu upotrebu i razli\u010dite polo\u017eaje<\/li>\n<li>3 seta razmaknica kompatibilnih s ve\u0107inom dvostrukih spremnika<\/li>\n<li>Konstrukcija od polimera oja\u010danog vlaknima za izdr\u017eljivost<\/li>\n<li>Optimiziran gornji rub za lak\u0161e umetanje spremnika<\/li>\n<li>Sigurnosni vijak za sprje\u010davanje slu\u010dajnog otklju\u010davanja<\/li>\n<li>Pove\u0107ani kugli\u010dni zglob od 13 mm za bolju stabilnost<\/li>\n<li>Pode\u0161avanje napetosti bez alata s velikim kota\u010di\u0107em<\/li>\n<\/ul>\n<p>DAA X-Ray polimerska torbica dizajnirana je za upotrebu na streljani.<\/p>\n","protected":false},"excerpt":{"rendered":"<p>DAA X-Ray polimerna torbica: Elegantna, vi\u0161enamjenska, sigurna futrola za spremnik za natjecatelje.<\/p>\n","protected":false},"featured_media":581685,"template":"","meta":{"_acf_changed":false},"product_brand":[],"product_cat":[13536,13561,13539,13527],"product_tag":[],"class_list":{"0":"post-581577","1":"product","2":"type-product","3":"status-publish","4":"has-post-thumbnail","6":"product_cat-oprema","7":"product_cat-sportska-futrola","8":"product_cat-sportski-pojasevi","9":"product_cat-torbice","11":"first","12":"instock","13":"taxable","14":"shipping-taxable","15":"purchasable","16":"product-type-simple"},"acf":[],"_links":{"self":[{"href":"https:\/\/staging.nbg.eu\/hr\/wp-json\/wp\/v2\/product\/581577","targetHints":{"allow":["GET"]}}],"collection":[{"href":"https:\/\/staging.nbg.eu\/hr\/wp-json\/wp\/v2\/product"}],"about":[{"href":"https:\/\/staging.nbg.eu\/hr\/wp-json\/wp\/v2\/types\/product"}],"wp:featuredmedia":[{"embeddable":true,"href":"https:\/\/staging.nbg.eu\/hr\/wp-json\/wp\/v2\/media\/581685"}],"wp:attachment":[{"href":"https:\/\/staging.nbg.eu\/hr\/wp-json\/wp\/v2\/media?parent=581577"}],"wp:term":[{"taxonomy":"product_brand","embeddable":true,"href":"https:\/\/staging.nbg.eu\/hr\/wp-json\/wp\/v2\/product_brand?post=581577"},{"taxonomy":"product_cat","embeddable":true,"href":"https:\/\/staging.nbg.eu\/hr\/wp-json\/wp\/v2\/product_cat?post=581577"},{"taxonomy":"product_tag","embeddable":true,"href":"https:\/\/staging.nbg.eu\/hr\/wp-json\/wp\/v2\/product_tag?post=581577"}],"curies":[{"name":"wp","href":"https:\/\/api.w.org\/{rel}","templated":true}]}}