{"id":581438,"date":"2025-10-10T18:09:53","date_gmt":"2025-10-10T15:09:53","guid":{"rendered":"https:\/\/staging.nbg.eu\/product\/jack-556x45mm-223-rem-wood\/"},"modified":"2025-10-17T17:34:17","modified_gmt":"2025-10-17T14:34:17","slug":"jack-556x45mm223-rem-drvo","status":"publish","type":"product","link":"https:\/\/staging.nbg.eu\/hr\/proizvod\/jack-556x45mm223-rem-drvo\/","title":{"rendered":"Jack 5,56x45mm\/.223 REM drvo"},"content":{"rendered":"<h2>Jack 5,56x45mm\/.223 REM Drvo<\/h2>\n<p>Jack 5,56x45mm\/.223 REM pu\u0161ka s drvenim dijelovima je poluautomatsko vatreno oru\u017eje koje kombinira klasi\u010dan izgled s modernim performansama.<\/p>\n<h2>Klju\u010dne zna\u010dajke:<\/h2>\n<ul>\n<li>Kalibar: 5.56x45mm \/.223 Rem<\/li>\n<li>Duljina cijevi: 415mm<\/li>\n<li>Korak \u017eljebova: 1:8<\/li>\n<li>Navoj na ustima cijevi: 14\u00d71 lijevi<\/li>\n<li>Masa praznog oru\u017eja: 3.1kg<\/li>\n<li>Izlazna brzina projektila: 920 m\/s<\/li>\n<li>Na\u010din rada: rotacijski zaklju\u010dan zatvara\u010d<\/li>\n<li>Tip: poluautomatska (automatska verzija dostupna za ovla\u0161tene subjekte)<\/li>\n<\/ul>\n<h2>Dizajn i funkcionalnost:<\/h2>\n<p>Jack 5,56x45mm\/.223 REM s drvenim dijelovima ima glodanu bo\u010dnu \u0161inu za laku monta\u017eu optike, zakovanu izravno na ku\u0107i\u0161te zatvara\u010da. Drvene komponente uklju\u010duju kundak, rukohvat i oblogu plinske cijevi.<\/p>\n<h2>Pobolj\u0161ana upotrebljivost:<\/h2>\n<ul>\n<li>Pove\u0107an prekida\u010d za odabir vrste paljbe<\/li>\n<li>Pove\u0107an otvor za izbacivanje spremnika<\/li>\n<li>\u0160ina ispod bo\u010dnog sklopa (lastin rep) za dodatne priklju\u010dke<\/li>\n<\/ul>\n","protected":false},"excerpt":{"rendered":"<p>Poluautomatska pu\u0161ka s drvenim komponentama, cijev duljine 415 mm, te\u017eine 3,1 kg. Glodana \u0161ina za optiku. Brzina na ustima cijevi 920 m\/s.<\/p>\n","protected":false},"featured_media":581523,"template":"","meta":{"_acf_changed":false},"product_brand":[],"product_cat":[13566,13569],"product_tag":[],"class_list":{"0":"post-581438","1":"product","2":"type-product","3":"status-publish","4":"has-post-thumbnail","6":"product_cat-karabini","7":"product_cat-puska","9":"first","10":"outofstock","11":"taxable","12":"shipping-taxable","13":"product-type-simple"},"acf":[],"_links":{"self":[{"href":"https:\/\/staging.nbg.eu\/hr\/wp-json\/wp\/v2\/product\/581438","targetHints":{"allow":["GET"]}}],"collection":[{"href":"https:\/\/staging.nbg.eu\/hr\/wp-json\/wp\/v2\/product"}],"about":[{"href":"https:\/\/staging.nbg.eu\/hr\/wp-json\/wp\/v2\/types\/product"}],"wp:featuredmedia":[{"embeddable":true,"href":"https:\/\/staging.nbg.eu\/hr\/wp-json\/wp\/v2\/media\/581523"}],"wp:attachment":[{"href":"https:\/\/staging.nbg.eu\/hr\/wp-json\/wp\/v2\/media?parent=581438"}],"wp:term":[{"taxonomy":"product_brand","embeddable":true,"href":"https:\/\/staging.nbg.eu\/hr\/wp-json\/wp\/v2\/product_brand?post=581438"},{"taxonomy":"product_cat","embeddable":true,"href":"https:\/\/staging.nbg.eu\/hr\/wp-json\/wp\/v2\/product_cat?post=581438"},{"taxonomy":"product_tag","embeddable":true,"href":"https:\/\/staging.nbg.eu\/hr\/wp-json\/wp\/v2\/product_tag?post=581438"}],"curies":[{"name":"wp","href":"https:\/\/api.w.org\/{rel}","templated":true}]}}