{"id":581261,"date":"2025-10-10T18:09:52","date_gmt":"2025-10-10T15:09:52","guid":{"rendered":"https:\/\/staging.nbg.eu\/product\/jack-556x45mm-223-rem-polymer\/"},"modified":"2025-10-17T17:31:22","modified_gmt":"2025-10-17T14:31:22","slug":"jack-556x45mm223-rem-polimer","status":"publish","type":"product","link":"https:\/\/staging.nbg.eu\/hr\/proizvod\/jack-556x45mm223-rem-polimer\/","title":{"rendered":"Jack 5,56x45mm\/.223 REM Polimer"},"content":{"rendered":"<div class=\"product-description\">\n<h2>Jack 5,56x45mm\/.223 REM Polimer<\/h2>\n<p>Jack 5,56x45mm\/.223 REM Polimer je moderna pu\u0161ka koja kombinira preciznu izradu, napredne materijale i ergonomski dizajn za strijelce.<\/p>\n<h2>Glavne zna\u010dajke:<\/h2>\n<ul>\n<li>Kalibar: 5.56x45mm \/.223 Rem<\/li>\n<li>Duljina cijevi: 415mm<\/li>\n<li>Korak uvijanja: 1:8<\/li>\n<li>Navoj na ustima cijevi: 14\u00d71 lijevi<\/li>\n<li>Te\u017eina prazne pu\u0161ke: 3,1kg<\/li>\n<li>Izlazna brzina projektila: 920 m\/s<\/li>\n<li>Rad: Rotacijski zaklju\u010dani zatvara\u010d<\/li>\n<li>Tip: Poluautomatska<\/li>\n<\/ul>\n<h2>Dizajn:<\/h2>\n<ul>\n<li>Bo\u010dna \u0161ina za monta\u017eu optike<\/li>\n<li>Zakovana \u0161ina na ku\u0107i\u0161tu zatvara\u010da<\/li>\n<li>Polimerno ku\u0107i\u0161te za izdr\u017eljivost i smanjenje te\u017eine<\/li>\n<li>Ergonomski polimerni kundak<\/li>\n<li>Polimerni pokrov plinske cijevi za rasipanje topline<\/li>\n<li>Pove\u0107ani selektor paljbe za lak\u0161e rukovanje<\/li>\n<li>Pove\u0107ana poluga za otpu\u0161tanje spremnika<\/li>\n<li>Donja \u0161ina (lastin rep) za monta\u017eu dodatne opreme<\/li>\n<\/ul>\n<p>Jack 5,56x45mm\/.223 REM Polimer je pu\u0161ka koja kombinira pouzdanost, preciznost i moderan dizajn.<\/p>\n<\/div>\n","protected":false},"excerpt":{"rendered":"<p>Kompaktna, lagana 5,56 mm pu\u0161ka s polimernim komponentama. Poluautomatska. Prilagodljiva s vodilicom za optiku.<\/p>\n","protected":false},"featured_media":581311,"template":"","meta":{"_acf_changed":false},"product_brand":[],"product_cat":[13566,13569],"product_tag":[],"class_list":{"0":"post-581261","1":"product","2":"type-product","3":"status-publish","4":"has-post-thumbnail","6":"product_cat-karabini","7":"product_cat-puska","9":"first","10":"outofstock","11":"taxable","12":"shipping-taxable","13":"product-type-simple"},"acf":[],"_links":{"self":[{"href":"https:\/\/staging.nbg.eu\/hr\/wp-json\/wp\/v2\/product\/581261","targetHints":{"allow":["GET"]}}],"collection":[{"href":"https:\/\/staging.nbg.eu\/hr\/wp-json\/wp\/v2\/product"}],"about":[{"href":"https:\/\/staging.nbg.eu\/hr\/wp-json\/wp\/v2\/types\/product"}],"wp:featuredmedia":[{"embeddable":true,"href":"https:\/\/staging.nbg.eu\/hr\/wp-json\/wp\/v2\/media\/581311"}],"wp:attachment":[{"href":"https:\/\/staging.nbg.eu\/hr\/wp-json\/wp\/v2\/media?parent=581261"}],"wp:term":[{"taxonomy":"product_brand","embeddable":true,"href":"https:\/\/staging.nbg.eu\/hr\/wp-json\/wp\/v2\/product_brand?post=581261"},{"taxonomy":"product_cat","embeddable":true,"href":"https:\/\/staging.nbg.eu\/hr\/wp-json\/wp\/v2\/product_cat?post=581261"},{"taxonomy":"product_tag","embeddable":true,"href":"https:\/\/staging.nbg.eu\/hr\/wp-json\/wp\/v2\/product_tag?post=581261"}],"curies":[{"name":"wp","href":"https:\/\/api.w.org\/{rel}","templated":true}]}}