{"id":580972,"date":"2025-10-10T18:09:47","date_gmt":"2025-10-10T15:09:47","guid":{"rendered":"https:\/\/staging.nbg.eu\/product\/jack-762x39-mm-polymer\/"},"modified":"2025-10-17T17:28:52","modified_gmt":"2025-10-17T14:28:52","slug":"jack-762x39-mm-polimer","status":"publish","type":"product","link":"https:\/\/staging.nbg.eu\/hr\/proizvod\/jack-762x39-mm-polimer\/","title":{"rendered":"Jack 7,62&#215;39 mm Polimer"},"content":{"rendered":"<div class=\"product-description\">\n<h2>Jack 7,62&#215;39 mm Polimer<\/h2>\n<p>Jack 7,62&#215;39 mm Polimer je poluautomatska pu\u0161ka dizajnirana za preciznost i pouzdanost. Ovo vatreno oru\u017eje kombinira naprednu tehnologiju s ergonomskim dizajnom, \u010dine\u0107i ga izborom za profesionalne korisnike i entuzijaste.<\/p>\n<h2>Klju\u010dne zna\u010dajke:<\/h2>\n<ul>\n<li>Kalibar: 7,62x39mm<\/li>\n<li>Duljina: 880mm<\/li>\n<li>Duljina cijevi: 415mm<\/li>\n<li>Prazna te\u017eina: 3,1kg (nenapunjena)<\/li>\n<li>Brzina na ustima cijevi: 715 m\/s<\/li>\n<li>Na\u010din rada: Zatvara\u010d zaklju\u010dan rotacijom<\/li>\n<li>Tip: Poluautomatski<\/li>\n<\/ul>\n<p>Jack 7,62&#215;39 mm Polimer ima glodanu bo\u010dnu \u0161inu za laku instalaciju optike, zakovanu izravno na komoru zatvara\u010da za pobolj\u0161anu stabilnost. Ova zna\u010dajka omogu\u0107uje brzo i sigurno pri\u010dvr\u0161\u0107ivanje razli\u010ditih opti\u010dkih ni\u0161ana, pobolj\u0161avaju\u0107i preciznost i akviziciju mete.<\/p>\n<h2>Pobolj\u0161ane komponente:<\/h2>\n<ul>\n<li>Polimerna boca za laganu izdr\u017eljivost<\/li>\n<li>Polimerski le\u017eaj za pobolj\u0161anu ergonomiju<\/li>\n<li>Polimerni poklopac plinske cijevi za odvod topline<\/li>\n<li>Pove\u0107ani prekida\u010d vrste paljbe za lak\u0161e rukovanje<\/li>\n<li>Pove\u0107ano izbacivanje spremnika za brzo ponovno punjenje<\/li>\n<li>\u0160ina ispod bo\u010dnog sklopa (lastin rep) za dodatnu opremu<\/li>\n<\/ul>\n<\/div>\n","protected":false},"excerpt":{"rendered":"<p>Jack 7.62x39mm polimer: Polimerska pu\u0161ka, 880mm, poluautomatska, glodana \u0161ina za optiku.<\/p>\n","protected":false},"featured_media":581136,"template":"","meta":{"_acf_changed":false},"product_brand":[],"product_cat":[13566,13569],"product_tag":[],"class_list":{"0":"post-580972","1":"product","2":"type-product","3":"status-publish","4":"has-post-thumbnail","6":"product_cat-karabini","7":"product_cat-puska","9":"first","10":"outofstock","11":"taxable","12":"shipping-taxable","13":"product-type-simple"},"acf":[],"_links":{"self":[{"href":"https:\/\/staging.nbg.eu\/hr\/wp-json\/wp\/v2\/product\/580972","targetHints":{"allow":["GET"]}}],"collection":[{"href":"https:\/\/staging.nbg.eu\/hr\/wp-json\/wp\/v2\/product"}],"about":[{"href":"https:\/\/staging.nbg.eu\/hr\/wp-json\/wp\/v2\/types\/product"}],"wp:featuredmedia":[{"embeddable":true,"href":"https:\/\/staging.nbg.eu\/hr\/wp-json\/wp\/v2\/media\/581136"}],"wp:attachment":[{"href":"https:\/\/staging.nbg.eu\/hr\/wp-json\/wp\/v2\/media?parent=580972"}],"wp:term":[{"taxonomy":"product_brand","embeddable":true,"href":"https:\/\/staging.nbg.eu\/hr\/wp-json\/wp\/v2\/product_brand?post=580972"},{"taxonomy":"product_cat","embeddable":true,"href":"https:\/\/staging.nbg.eu\/hr\/wp-json\/wp\/v2\/product_cat?post=580972"},{"taxonomy":"product_tag","embeddable":true,"href":"https:\/\/staging.nbg.eu\/hr\/wp-json\/wp\/v2\/product_tag?post=580972"}],"curies":[{"name":"wp","href":"https:\/\/api.w.org\/{rel}","templated":true}]}}